{"id":114,"date":"2018-07-15T14:08:47","date_gmt":"2018-07-15T14:08:47","guid":{"rendered":"http:\/\/astrologie-in-konstanz.de\/?page_id=114"},"modified":"2024-03-16T17:08:47","modified_gmt":"2024-03-16T17:08:47","slug":"organisatorisches","status":"publish","type":"page","link":"https:\/\/astrologie-in-konstanz.de\/?page_id=114","title":{"rendered":"Organisatorisches"},"content":{"rendered":"<p style=\"text-align: left;\"><strong>Terminfindung<br \/>\n<\/strong>Ich kann Ihnen in der Regel einen Beratungstermin innerhalb von 10 Tagen anbieten.<br \/>\nDa es sich bei dem Beratungsgespr\u00e4ch um eine individuelle Analyse Ihres Geburtshoroskopes handelt, die nicht standardisierbar ist, ben\u00f6tige ich eine angemessene Vorbereitungszeit.<br \/>\nIm telefonischen Vorgespr\u00e4ch kl\u00e4ren wir Ihre W\u00fcnsche und die M\u00f6glichkeit meines Angebots ab, um festzustellen, ob ich Ihnen anbieten kann, wonach Sie suchen.<br \/>\nBei Fragen, die nicht Schwerpunkt meiner Beratungsthemen sind, kann ich Sie an kompetente KollegInnen weiterverweisen.<\/p>\n<p style=\"text-align: left;\"><strong>Erforderliche Daten<br \/>\n<\/strong>F\u00fcr die Erstellung des exakten Horoskops ben\u00f6tige ich von Ihnen die Geburtszeit<br \/>\n&#8211; m\u00f6glichst vom Standesamt Ihres Geburtsortes oder aus der Geburtsurkunde &#8211;<br \/>\nsowie das Geburtsdatum und den Geburtsort.<\/p>\n<p style=\"text-align: left;\"><strong>Dauer der Beratung<br \/>\n<\/strong>Meine pers\u00f6nliche Horoskopinterpretation im Dialog mit Ihnen dauert 1 \u00bd &#8211; 2 Stunden.<br \/>\nWenn Sie es w\u00fcnschen, kann das Gespr\u00e4ch digital aufgezeichnet und auf Ihrem mitgebrachten USB-Stick gespeichert werden.<\/p>\n<p style=\"text-align: left;\"><strong>Honorar<br \/>\n<\/strong>Abh\u00e4ngig von der Dauer der Vorbereitungs- und Beratungszeit, daher pers\u00f6nliche Vereinbarung im Vorgespr\u00e4ch.<\/p>\n","protected":false},"excerpt":{"rendered":"<p>Terminfindung Ich kann Ihnen in der Regel einen Beratungstermin innerhalb von 10 Tagen anbieten. Da es sich bei dem Beratungsgespr\u00e4ch um eine individuelle Analyse Ihres Geburtshoroskopes handelt, die nicht standardisierbar ist, ben\u00f6tige ich eine angemessene Vorbereitungszeit. Im telefonischen Vorgespr\u00e4ch kl\u00e4ren wir Ihre W\u00fcnsche und die M\u00f6glichkeit meines Angebots ab, um festzustellen, ob ich Ihnen anbieten kann, wonach Sie suchen. Bei Fragen, die nicht Schwerpunkt meiner Beratungsthemen sind, kann ich Sie an kompetente KollegInnen weiterverweisen. Erforderliche Daten F\u00fcr die Erstellung des&#8230;<\/p>\n<p class=\"read-more\"><a class=\"btn btn-default\" href=\"https:\/\/astrologie-in-konstanz.de\/?page_id=114\">Weiterlesen<span class=\"screen-reader-text\"> Weiterlesen<\/span><\/a><\/p>\n","protected":false},"author":1,"featured_media":0,"parent":83,"menu_order":0,"comment_status":"closed","ping_status":"closed","template":"","meta":{"footnotes":""},"class_list":["post-114","page","type-page","status-publish","hentry"],"_links":{"self":[{"href":"https:\/\/astrologie-in-konstanz.de\/index.php?rest_route=\/wp\/v2\/pages\/114","targetHints":{"allow":["GET"]}}],"collection":[{"href":"https:\/\/astrologie-in-konstanz.de\/index.php?rest_route=\/wp\/v2\/pages"}],"about":[{"href":"https:\/\/astrologie-in-konstanz.de\/index.php?rest_route=\/wp\/v2\/types\/page"}],"author":[{"embeddable":true,"href":"https:\/\/astrologie-in-konstanz.de\/index.php?rest_route=\/wp\/v2\/users\/1"}],"replies":[{"embeddable":true,"href":"https:\/\/astrologie-in-konstanz.de\/index.php?rest_route=%2Fwp%2Fv2%2Fcomments&post=114"}],"version-history":[{"count":10,"href":"https:\/\/astrologie-in-konstanz.de\/index.php?rest_route=\/wp\/v2\/pages\/114\/revisions"}],"predecessor-version":[{"id":974,"href":"https:\/\/astrologie-in-konstanz.de\/index.php?rest_route=\/wp\/v2\/pages\/114\/revisions\/974"}],"up":[{"embeddable":true,"href":"https:\/\/astrologie-in-konstanz.de\/index.php?rest_route=\/wp\/v2\/pages\/83"}],"wp:attachment":[{"href":"https:\/\/astrologie-in-konstanz.de\/index.php?rest_route=%2Fwp%2Fv2%2Fmedia&parent=114"}],"curies":[{"name":"wp","href":"https:\/\/api.w.org\/{rel}","templated":true}]}}