{"id":120,"date":"2018-07-15T14:16:44","date_gmt":"2018-07-15T14:16:44","guid":{"rendered":"http:\/\/astrologie-in-konstanz.de\/?page_id=120"},"modified":"2020-01-08T22:46:22","modified_gmt":"2020-01-08T22:46:22","slug":"partnerhoroskop","status":"publish","type":"page","link":"https:\/\/astrologie-in-konstanz.de\/?page_id=120","title":{"rendered":"Partnerhoroskop"},"content":{"rendered":"<p>Das Beziehungshoroskop ist geeignet f\u00fcr Ehe- oder Liebespartner, externe und interne Gesch\u00e4ftsverbindungen, Teams, Freundschaften, Eltern und Kinder usw.<\/p>\n<p>In der <em>Synastrie<\/em> werden die Geburtsbilder der beiden Partner \u00fcbereinander projiziert und verglichen. Sie gibt Aufschluss dar\u00fcber, in welchen Lebensbereichen es eine \u00dcberein-stimmung gibt und was ggf. Ihre \u201eAlarmkn\u00f6pfe\u201c dr\u00fcckt. Thema u.a.: Rollenverteilung in Arbeitsorganisationen, Familiensystemen und anderen Partnerschaften.<br \/>\n<em>In Liebesbeziehungen:<\/em> Wie unterscheidet sich Ihr inneres Partnersuchbild von dem, was Ihr Partner mitbringt (und umgekehrt)?<\/p>\n<p>Eine etwas subtilere Art der Betrachtung ist das <em>Combin<\/em> oder das <em>Komposit.<\/em> Hier wird ein neues Horoskop aus den kombinierten Daten der beiden Partner erstellt, das die Qualit\u00e4t der Beziehung als eigenst\u00e4ndige Energie beschreibt.<\/p>\n<blockquote><p><em>Jede Beziehung ist gewisserma\u00dfen ein Lehrmeister.<br \/>\nWenn ich die Lektion nicht lerne,<br \/>\nkommt der Lehrmeister zur\u00fcck.<br \/>\n<\/em>(Brenda M. Schaefer)<\/p><\/blockquote>\n","protected":false},"excerpt":{"rendered":"<p>Das Beziehungshoroskop ist geeignet f\u00fcr Ehe- oder Liebespartner, externe und interne Gesch\u00e4ftsverbindungen, Teams, Freundschaften, Eltern und Kinder usw. In der Synastrie werden die Geburtsbilder der beiden Partner \u00fcbereinander projiziert und verglichen. Sie gibt Aufschluss dar\u00fcber, in welchen Lebensbereichen es eine \u00dcberein-stimmung gibt und was ggf. Ihre \u201eAlarmkn\u00f6pfe\u201c dr\u00fcckt. Thema u.a.: Rollenverteilung in Arbeitsorganisationen, Familiensystemen und anderen Partnerschaften. In Liebesbeziehungen: Wie unterscheidet sich Ihr inneres Partnersuchbild von dem, was Ihr Partner mitbringt (und umgekehrt)? Eine etwas subtilere Art der Betrachtung ist&#8230;<\/p>\n<p class=\"read-more\"><a class=\"btn btn-default\" href=\"https:\/\/astrologie-in-konstanz.de\/?page_id=120\">Weiterlesen<span class=\"screen-reader-text\"> Weiterlesen<\/span><\/a><\/p>\n","protected":false},"author":1,"featured_media":0,"parent":0,"menu_order":0,"comment_status":"closed","ping_status":"closed","template":"","meta":{"footnotes":""},"class_list":["post-120","page","type-page","status-publish","hentry"],"_links":{"self":[{"href":"https:\/\/astrologie-in-konstanz.de\/index.php?rest_route=\/wp\/v2\/pages\/120","targetHints":{"allow":["GET"]}}],"collection":[{"href":"https:\/\/astrologie-in-konstanz.de\/index.php?rest_route=\/wp\/v2\/pages"}],"about":[{"href":"https:\/\/astrologie-in-konstanz.de\/index.php?rest_route=\/wp\/v2\/types\/page"}],"author":[{"embeddable":true,"href":"https:\/\/astrologie-in-konstanz.de\/index.php?rest_route=\/wp\/v2\/users\/1"}],"replies":[{"embeddable":true,"href":"https:\/\/astrologie-in-konstanz.de\/index.php?rest_route=%2Fwp%2Fv2%2Fcomments&post=120"}],"version-history":[{"count":5,"href":"https:\/\/astrologie-in-konstanz.de\/index.php?rest_route=\/wp\/v2\/pages\/120\/revisions"}],"predecessor-version":[{"id":690,"href":"https:\/\/astrologie-in-konstanz.de\/index.php?rest_route=\/wp\/v2\/pages\/120\/revisions\/690"}],"wp:attachment":[{"href":"https:\/\/astrologie-in-konstanz.de\/index.php?rest_route=%2Fwp%2Fv2%2Fmedia&parent=120"}],"curies":[{"name":"wp","href":"https:\/\/api.w.org\/{rel}","templated":true}]}}