{"id":132,"date":"2018-07-15T14:21:30","date_gmt":"2018-07-15T14:21:30","guid":{"rendered":"http:\/\/astrologie-in-konstanz.de\/?page_id=132"},"modified":"2018-07-15T14:21:30","modified_gmt":"2018-07-15T14:21:30","slug":"kinderhoroskop","status":"publish","type":"page","link":"https:\/\/astrologie-in-konstanz.de\/?page_id=132","title":{"rendered":"Kinderhoroskop"},"content":{"rendered":"<p>Themen beim Kinderhoroskop sind: Grundbed\u00fcrfnisse (Sicherheit, Geborgenheit), Nahrungspr\u00e4ferenzen des Kindes; Sprache, Lernf\u00e4higkeit, intellektuelle und emotionale Entwicklung; Kontaktf\u00e4higkeit, soziales Lernen; Trotzphasen, Durchsetzung und Nachgeben; Selbstausdruck und \u201eEroberung\u201c der Welt.<\/p>\n<p>Das Instrument Kinderhoroskop kann Eltern oder Lehrern Einblicke in das \u201eMysterium Kind\u201c f\u00fcr die Erziehung geben. Wie kann das Kind in seinem Wesen best\u00e4rkt und darin unterst\u00fctzt werden, sich selbst, seine Einzigartigkeit zum Ausdruck zu bringen? Das Kinderhoroskop f\u00f6rdert ein Verst\u00e4ndnis davon, wie und in welchen Bereichen ein Kind aufgrund seiner individuellen Anlagen anders funktioniert als die Eltern (oder Geschwister\/ Schulkameraden!). Und warum ein Kind vielleicht immer wieder gewisse Erfahrungen regelrecht \u201eanzieht\u201c.<\/p>\n<p>Ein Kinderhoroskop sollte stets zusammen mit den Horoskopen der Eltern betrachtet werden.<\/p>\n<p>&nbsp;<\/p>\n<p><strong><em>Das Konzept der Einzigartigkeit<\/em><\/strong><em><\/p>\n<p>&#8222;Die Arbeit eines Erziehers gleicht der eines G\u00e4rtners,<br \/>\nder verschiedene Pflanzen pflegt.<\/p>\n<p>Eine Pflanze liebt den strahlenden Sonnenschein,<br \/>\ndie andere den k\u00fchlen Schatten;<br \/>\ndie eine liebt das Bachufer,<br \/>\ndie andere die d\u00fcrre Bergspitze.<br \/>\nDie eine gedeiht am besten auf sandigem Boden,<br \/>\ndie andere im fetten Lehm.<\/p>\n<p>Jede muss die ihrer Art angemessene Pflege haben,<br \/>\nanderenfalls bleibt ihre Vollendung unbefriedigend.&#8220; <\/em>(&#8218;Abdu&#8217;l Bah\u00e1)<\/p>\n<p>&nbsp;<\/p>\n<p>s.a. <a href=\"UID:03322c9a861174afa\">\u00bb Sternenwanderung<\/a> <em>(Kinder und die vier Elemente) <\/em><\/p>\n<p>&nbsp;<\/p>\n<p>&nbsp;<\/p>\n","protected":false},"excerpt":{"rendered":"<p>Themen beim Kinderhoroskop sind: Grundbed\u00fcrfnisse (Sicherheit, Geborgenheit), Nahrungspr\u00e4ferenzen des Kindes; Sprache, Lernf\u00e4higkeit, intellektuelle und emotionale Entwicklung; Kontaktf\u00e4higkeit, soziales Lernen; Trotzphasen, Durchsetzung und Nachgeben; Selbstausdruck und \u201eEroberung\u201c der Welt. Das Instrument Kinderhoroskop kann Eltern oder Lehrern Einblicke in das \u201eMysterium Kind\u201c f\u00fcr die Erziehung geben. Wie kann das Kind in seinem Wesen best\u00e4rkt und darin unterst\u00fctzt werden, sich selbst, seine Einzigartigkeit zum Ausdruck zu bringen? Das Kinderhoroskop f\u00f6rdert ein Verst\u00e4ndnis davon, wie und in welchen Bereichen ein Kind aufgrund seiner individuellen&#8230;<\/p>\n<p class=\"read-more\"><a class=\"btn btn-default\" href=\"https:\/\/astrologie-in-konstanz.de\/?page_id=132\">Weiterlesen<span class=\"screen-reader-text\"> Weiterlesen<\/span><\/a><\/p>\n","protected":false},"author":1,"featured_media":0,"parent":0,"menu_order":0,"comment_status":"closed","ping_status":"closed","template":"","meta":{"footnotes":""},"class_list":["post-132","page","type-page","status-publish","hentry"],"_links":{"self":[{"href":"https:\/\/astrologie-in-konstanz.de\/index.php?rest_route=\/wp\/v2\/pages\/132","targetHints":{"allow":["GET"]}}],"collection":[{"href":"https:\/\/astrologie-in-konstanz.de\/index.php?rest_route=\/wp\/v2\/pages"}],"about":[{"href":"https:\/\/astrologie-in-konstanz.de\/index.php?rest_route=\/wp\/v2\/types\/page"}],"author":[{"embeddable":true,"href":"https:\/\/astrologie-in-konstanz.de\/index.php?rest_route=\/wp\/v2\/users\/1"}],"replies":[{"embeddable":true,"href":"https:\/\/astrologie-in-konstanz.de\/index.php?rest_route=%2Fwp%2Fv2%2Fcomments&post=132"}],"version-history":[{"count":1,"href":"https:\/\/astrologie-in-konstanz.de\/index.php?rest_route=\/wp\/v2\/pages\/132\/revisions"}],"predecessor-version":[{"id":134,"href":"https:\/\/astrologie-in-konstanz.de\/index.php?rest_route=\/wp\/v2\/pages\/132\/revisions\/134"}],"wp:attachment":[{"href":"https:\/\/astrologie-in-konstanz.de\/index.php?rest_route=%2Fwp%2Fv2%2Fmedia&parent=132"}],"curies":[{"name":"wp","href":"https:\/\/api.w.org\/{rel}","templated":true}]}}