{"id":135,"date":"2018-07-15T14:22:20","date_gmt":"2018-07-15T14:22:20","guid":{"rendered":"http:\/\/astrologie-in-konstanz.de\/?page_id=135"},"modified":"2022-11-22T16:24:51","modified_gmt":"2022-11-22T16:24:51","slug":"berufliche-orientierung","status":"publish","type":"page","link":"https:\/\/astrologie-in-konstanz.de\/?page_id=135","title":{"rendered":"Berufliche Orientierung"},"content":{"rendered":"<p>Bei der Frage nach der beruflichen Orientierung oder Neuorientierung kann das Horoskop hilfreiche Hinweise geben, wo Ihre F\u00e4higkeiten, Talente und St\u00e4rken liegen und ob Sie diese am besten in einer F\u00fchrungsposition, im Teamwork oder in einer freiberuflich \/ unternehmerischen T\u00e4tigkeit verwirklichen k\u00f6nnen (\u201eFolge deinem Herzen!\u201c).<\/p>\n<p><em>Nicht nur der Frage: Wie finde ich zu meiner \u201ewahren Berufung\u201c? kann hier nachgegangen werden, sondern auch: Was ist f\u00fcr mich Quelle von Freude und Begeisterung? Wo und wie stelle ich mir vor, mich am besten entfalten zu k\u00f6nnen? Was wollen mir die Hindernisse sagen, die scheinbar im Wege stehen? Welche tiefere Bedeutung hat \u201eErfolg\u201c f\u00fcr mich? In welchem Rahmen k\u00f6nnte ich mein Einkommen optimal erwirtschaften?<\/em><\/p>\n","protected":false},"excerpt":{"rendered":"<p>Bei der Frage nach der beruflichen Orientierung oder Neuorientierung kann das Horoskop hilfreiche Hinweise geben, wo Ihre F\u00e4higkeiten, Talente und St\u00e4rken liegen und ob Sie diese am besten in einer F\u00fchrungsposition, im Teamwork oder in einer freiberuflich \/ unternehmerischen T\u00e4tigkeit verwirklichen k\u00f6nnen (\u201eFolge deinem Herzen!\u201c). Nicht nur der Frage: Wie finde ich zu meiner \u201ewahren Berufung\u201c? kann hier nachgegangen werden, sondern auch: Was ist f\u00fcr mich Quelle von Freude und Begeisterung? Wo und wie stelle ich mir vor, mich am&#8230;<\/p>\n<p class=\"read-more\"><a class=\"btn btn-default\" href=\"https:\/\/astrologie-in-konstanz.de\/?page_id=135\">Weiterlesen<span class=\"screen-reader-text\"> Weiterlesen<\/span><\/a><\/p>\n","protected":false},"author":1,"featured_media":0,"parent":0,"menu_order":0,"comment_status":"closed","ping_status":"closed","template":"","meta":{"footnotes":""},"class_list":["post-135","page","type-page","status-publish","hentry"],"_links":{"self":[{"href":"https:\/\/astrologie-in-konstanz.de\/index.php?rest_route=\/wp\/v2\/pages\/135","targetHints":{"allow":["GET"]}}],"collection":[{"href":"https:\/\/astrologie-in-konstanz.de\/index.php?rest_route=\/wp\/v2\/pages"}],"about":[{"href":"https:\/\/astrologie-in-konstanz.de\/index.php?rest_route=\/wp\/v2\/types\/page"}],"author":[{"embeddable":true,"href":"https:\/\/astrologie-in-konstanz.de\/index.php?rest_route=\/wp\/v2\/users\/1"}],"replies":[{"embeddable":true,"href":"https:\/\/astrologie-in-konstanz.de\/index.php?rest_route=%2Fwp%2Fv2%2Fcomments&post=135"}],"version-history":[{"count":4,"href":"https:\/\/astrologie-in-konstanz.de\/index.php?rest_route=\/wp\/v2\/pages\/135\/revisions"}],"predecessor-version":[{"id":825,"href":"https:\/\/astrologie-in-konstanz.de\/index.php?rest_route=\/wp\/v2\/pages\/135\/revisions\/825"}],"wp:attachment":[{"href":"https:\/\/astrologie-in-konstanz.de\/index.php?rest_route=%2Fwp%2Fv2%2Fmedia&parent=135"}],"curies":[{"name":"wp","href":"https:\/\/api.w.org\/{rel}","templated":true}]}}