{"id":144,"date":"2018-07-15T14:31:48","date_gmt":"2018-07-15T14:31:48","guid":{"rendered":"http:\/\/astrologie-in-konstanz.de\/?page_id=144"},"modified":"2024-12-26T17:21:39","modified_gmt":"2024-12-26T17:21:39","slug":"schriftliche-analysen","status":"publish","type":"page","link":"https:\/\/astrologie-in-konstanz.de\/?page_id=144","title":{"rendered":"Schriftliche Analysen"},"content":{"rendered":"\n<div class=\"wp-block-media-text has-media-on-the-right is-stacked-on-mobile\"><div class=\"wp-block-media-text__content\">\n<p><\/p>\n\n\n\n<p><\/p>\n\n\n\n<p>MIT TEXTEN VON ANITA CORTESI<\/p>\n\n\n\n<p class=\"has-text-align-left\"><br>Als weiteren Service biete ich Ihnen computererstellte, individuell \u00fcber-<br>arbeitete Horoskopanalysen auf Basis der psychologischen Astrologie an.<\/p>\n\n\n\n<p class=\"has-text-align-left\">Die schriftlichen Pers\u00f6nlichkeits-analysen k\u00f6nnen Ihnen hilfreiche Impulse geben,<\/p>\n<\/div><figure class=\"wp-block-media-text__media\"><img loading=\"lazy\" decoding=\"async\" width=\"360\" height=\"360\" src=\"https:\/\/astrologie-in-konstanz.de\/wp-content\/uploads\/2024\/03\/049a079c5c134d30e-4.jpg\" alt=\"\" class=\"wp-image-953 size-full\" srcset=\"https:\/\/astrologie-in-konstanz.de\/wp-content\/uploads\/2024\/03\/049a079c5c134d30e-4.jpg 360w, https:\/\/astrologie-in-konstanz.de\/wp-content\/uploads\/2024\/03\/049a079c5c134d30e-4-300x300.jpg 300w, https:\/\/astrologie-in-konstanz.de\/wp-content\/uploads\/2024\/03\/049a079c5c134d30e-4-150x150.jpg 150w, https:\/\/astrologie-in-konstanz.de\/wp-content\/uploads\/2024\/03\/049a079c5c134d30e-4-270x270.jpg 270w\" sizes=\"auto, (max-width: 360px) 100vw, 360px\" \/><\/figure><\/div>\n\n\n\n<p><\/p>\n\n\n\n<ul class=\"wp-block-list\">\n<li>wenn Sie das erste Mal mit Astrologie in Ber\u00fchrung kommen<\/li>\n\n\n\n<li>wenn Sie Erfahrung sammeln m\u00f6chten, was Astrologie bieten kann,<\/li>\n\n\n\n<li>wenn Sie vor einer wichtigen Entscheidung stehen,<\/li>\n\n\n\n<li>wenn Sie ein Kind besser verstehen m\u00f6chten,<\/li>\n\n\n\n<li>wenn Sie die Horoskopinterpretation in Ruhe zuhause lesen m\u00f6chten,<\/li>\n\n\n\n<li>wenn Sie weit entfernt wohnen und nicht pers\u00f6nlich vorbeikommen k\u00f6nnen,<\/li>\n\n\n\n<li>wenn Sie jemandem ein Geschenk machen m\u00f6chten.<\/li>\n<\/ul>\n\n\n\n<p>Die schriftliche Horoskopanalyse erhalten Sie von mir entweder in gebundener Form oder als pdf-Version per e-mail. Die Zusendung erfolgt 2 &#8211; 3 Werktage nach Zahlungs-eingang. Sie k\u00f6nnen w\u00e4hlen zwischen folgenden Analysen:<\/p>\n\n\n\n<ul class=\"wp-block-list\">\n<li>Standard-Pers\u00f6nlichkeitsanalyse<\/li>\n\n\n\n<li>Entfaltung der Pers\u00f6nlichkeit<\/li>\n\n\n\n<li>Karmische Pers\u00f6nlichkeitsanalyse<\/li>\n\n\n\n<li>Berufsthemen<\/li>\n\n\n\n<li>Kinderanalyse<\/li>\n\n\n\n<li>Partnerschaftsanalyse<\/li>\n\n\n\n<li>Solar<\/li>\n\n\n\n<li>Jahresanalyse<\/li>\n<\/ul>\n\n\n\n<p>Geben Sie Ihre Bestellung bitte per mail an kontakt@astrologie-in-konstanz.de oder <a href=\"https:\/\/astrologie-in-konstanz.de\/?page_id=10\">telefonisch<\/a> bei mir auf. Ben\u00f6tigt wird die exakte Geburtszeit (m\u00f6glichst vom Standesamt oder Geburtsurkunde), Geburtstag und -jahr sowie der Geburtsort bzw. die n\u00e4chst gr\u00f6\u00dfere Stadt.<\/p>\n\n\n\n<p>Gerne k\u00f6nnen Sie auch einen <a href=\"https:\/\/astrologie-in-konstanz.de\/?page_id=114\">Termin<\/a> f\u00fcr ein pers\u00f6nliches astrologisches Beratungs-gespr\u00e4ch mit mir vereinbaren.<\/p>\n\n\n\n<hr class=\"wp-block-separator has-alpha-channel-opacity\"\/>\n\n\n\n<p>Neben den Texten f\u00fcr diese Pers\u00f6nlichkeitsanalysen ist <em>Anita Cortesi <\/em>auch bekannt geworden als Autorin der im Verlag <a href=\"https:\/\/astronova.de\/\">Astronova<\/a> erschienenen B\u00fccher<\/p>\n\n\n\n<ul class=\"wp-block-list\">\n<li><a href=\"https:\/\/astronova.de\/die-astrologie-des-mondes.html\">&#8222;Die Astrologie des Mondes&#8220;<\/a><\/li>\n\n\n\n<li><a href=\"https:\/\/astronova.de\/kinder-horoskope-deuten-und-verstehen.html\">&#8222;Kinderhoroskope deuten und verstehen&#8220;<\/a><\/li>\n\n\n\n<li><a href=\"https:\/\/astronova.de\/schritte-zaehlenschritte-zaehlen-3.html\">&#8222;Schritte z\u00e4hlen&#8220;<\/a><\/li>\n\n\n\n<li><a href=\"https:\/\/astronova.de\/astrologie-spielend-lernen-fachwissen.html\">&#8222;Astrologie spielend lernen&#8220;<\/a><\/li>\n<\/ul>\n","protected":false},"excerpt":{"rendered":"<p>MIT TEXTEN VON ANITA CORTESI Als weiteren Service biete ich Ihnen computererstellte, individuell \u00fcber-arbeitete Horoskopanalysen auf Basis der psychologischen Astrologie an. Die schriftlichen Pers\u00f6nlichkeits-analysen k\u00f6nnen Ihnen hilfreiche Impulse geben, Die schriftliche Horoskopanalyse erhalten Sie von mir entweder in gebundener Form oder als pdf-Version per e-mail. Die Zusendung erfolgt 2 &#8211; 3 Werktage nach Zahlungs-eingang. Sie k\u00f6nnen w\u00e4hlen zwischen folgenden Analysen: Geben Sie Ihre Bestellung bitte per mail an kontakt@astrologie-in-konstanz.de oder telefonisch bei mir auf. Ben\u00f6tigt wird die exakte Geburtszeit (m\u00f6glichst&#8230;<\/p>\n<p class=\"read-more\"><a class=\"btn btn-default\" href=\"https:\/\/astrologie-in-konstanz.de\/?page_id=144\">Weiterlesen<span class=\"screen-reader-text\"> Weiterlesen<\/span><\/a><\/p>\n","protected":false},"author":1,"featured_media":0,"parent":83,"menu_order":0,"comment_status":"closed","ping_status":"closed","template":"","meta":{"footnotes":""},"class_list":["post-144","page","type-page","status-publish","hentry"],"_links":{"self":[{"href":"https:\/\/astrologie-in-konstanz.de\/index.php?rest_route=\/wp\/v2\/pages\/144","targetHints":{"allow":["GET"]}}],"collection":[{"href":"https:\/\/astrologie-in-konstanz.de\/index.php?rest_route=\/wp\/v2\/pages"}],"about":[{"href":"https:\/\/astrologie-in-konstanz.de\/index.php?rest_route=\/wp\/v2\/types\/page"}],"author":[{"embeddable":true,"href":"https:\/\/astrologie-in-konstanz.de\/index.php?rest_route=\/wp\/v2\/users\/1"}],"replies":[{"embeddable":true,"href":"https:\/\/astrologie-in-konstanz.de\/index.php?rest_route=%2Fwp%2Fv2%2Fcomments&post=144"}],"version-history":[{"count":38,"href":"https:\/\/astrologie-in-konstanz.de\/index.php?rest_route=\/wp\/v2\/pages\/144\/revisions"}],"predecessor-version":[{"id":1102,"href":"https:\/\/astrologie-in-konstanz.de\/index.php?rest_route=\/wp\/v2\/pages\/144\/revisions\/1102"}],"up":[{"embeddable":true,"href":"https:\/\/astrologie-in-konstanz.de\/index.php?rest_route=\/wp\/v2\/pages\/83"}],"wp:attachment":[{"href":"https:\/\/astrologie-in-konstanz.de\/index.php?rest_route=%2Fwp%2Fv2%2Fmedia&parent=144"}],"curies":[{"name":"wp","href":"https:\/\/api.w.org\/{rel}","templated":true}]}}