{"id":147,"date":"2018-07-15T20:17:00","date_gmt":"2018-07-15T20:17:00","guid":{"rendered":"http:\/\/astrologie-in-konstanz.de\/?page_id=147"},"modified":"2024-03-16T17:11:01","modified_gmt":"2024-03-16T17:11:01","slug":"downloads","status":"publish","type":"page","link":"https:\/\/astrologie-in-konstanz.de\/?page_id=147","title":{"rendered":"Downloads"},"content":{"rendered":"\n<p>\nLASSEN SIE SICH WEITER INSPIRIEREN &#8230;\n\n<\/p>\n\n\n\n<div class=\"wp-block-media-text alignwide has-media-on-the-right\"><div class=\"wp-block-media-text__content\">\n<p class=\"has-text-align-left\">Im Magazin f\u00fcr Kreuzlingen und Konstanz NUN,  Ausgabe <br># 3  &#8222;Zehn-fingerhelden&#8220;, beschreibt Yasmin Auerswald, NUN-Redakteurin, auf  unterhaltsame Art ihre  erste Begegnung mit der Astrologie nach einem Interview, das sie mit mir gef\u00fchrt hat.<br> <br>Download:<br><em>Yasmin Auerswald:<\/em><br><a href=\"https:\/\/astrologie-in-konstanz.de\/wp-content\/uploads\/2019\/04\/Sneak-Peek-ins-Leben-1.pdf\"><strong>Sneak Peek ins Leben<\/strong><\/a><br>Wie Astrologie die Zukunft zu lesen versucht  <br><\/p>\n<\/div><figure class=\"wp-block-media-text__media\"><img loading=\"lazy\" decoding=\"async\" width=\"769\" height=\"1024\" src=\"https:\/\/astrologie-in-konstanz.de\/wp-content\/uploads\/2019\/04\/Titelseite_NUN_sm-769x1024.jpg\" alt=\"\" class=\"wp-image-575 size-full\" srcset=\"https:\/\/astrologie-in-konstanz.de\/wp-content\/uploads\/2019\/04\/Titelseite_NUN_sm-769x1024.jpg 769w, https:\/\/astrologie-in-konstanz.de\/wp-content\/uploads\/2019\/04\/Titelseite_NUN_sm-225x300.jpg 225w, https:\/\/astrologie-in-konstanz.de\/wp-content\/uploads\/2019\/04\/Titelseite_NUN_sm-768x1022.jpg 768w, https:\/\/astrologie-in-konstanz.de\/wp-content\/uploads\/2019\/04\/Titelseite_NUN_sm-203x270.jpg 203w, https:\/\/astrologie-in-konstanz.de\/wp-content\/uploads\/2019\/04\/Titelseite_NUN_sm.jpg 1200w\" sizes=\"auto, (max-width: 769px) 100vw, 769px\" \/><\/figure><\/div>\n\n\n\n<p><br>Folgende Artikel sind in der Fachzeitschrift MERIDIAN erschienen und k\u00f6nnen \u00fcber den Web-Shop durch Anklicken des Links erworben werden:<\/p>\n\n\n\n<div class=\"wp-block-media-text alignwide has-media-on-the-right\"><div class=\"wp-block-media-text__content\">\n<p><em>Elvira Gr\u00fcbel:<\/em><br><strong>Erz\u00e4hl mir keine Geschichten&#8230;<br><\/strong>Das Solarhoroskop als M\u00e4rchen (in &#8222;Meridian&#8220; 2\/2004)<br><br>Download:<br><strong><a href=\"http:\/\/shop.meridian-magazin.de\/autoren\/gruebel\/Das-Solarhoroskop-als-Maerchen-Erzaehl-mir-keine-Geschichten.html\">Elvira Gr\u00fcbel\/ Meridian:<\/a><\/strong><br><strong><a href=\"http:\/\/shop.meridian-magazin.de\/autoren\/gruebel\/Das-Solarhoroskop-als-Maerchen-Erzaehl-mir-keine-Geschichten.html\">Solarhoroskop als M\u00e4rchen<\/a><\/strong><\/p>\n<\/div><figure class=\"wp-block-media-text__media\"><img loading=\"lazy\" decoding=\"async\" width=\"234\" height=\"234\" src=\"https:\/\/astrologie-in-konstanz.de\/wp-content\/uploads\/2019\/04\/03322c9a9b071a9c2.jpg\" alt=\"\" class=\"wp-image-601 size-full\" srcset=\"https:\/\/astrologie-in-konstanz.de\/wp-content\/uploads\/2019\/04\/03322c9a9b071a9c2.jpg 234w, https:\/\/astrologie-in-konstanz.de\/wp-content\/uploads\/2019\/04\/03322c9a9b071a9c2-150x150.jpg 150w\" sizes=\"auto, (max-width: 234px) 100vw, 234px\" \/><\/figure><\/div>\n\n\n\n<div class=\"wp-block-media-text alignwide has-media-on-the-right\"><div class=\"wp-block-media-text__content\">\n<p><em>Elvira Gr\u00fcbel:<\/em><br><strong>Die Herrschaft des Weiblichen<\/strong><br>Die Schriftstellerin George Sand (in &#8222;Meridian&#8220; 5\/2006)<br><br>Download:<br><strong><a href=\"http:\/\/shop.meridian-magazin.de\/autoren\/gruebel\/Die-Schriftstellerin-George-Sand-Die-Herrschaft-des-Weiblichen.html\">Elvira Gr\u00fcbel\/ Meridian:<\/a><\/strong><br><strong><a href=\"http:\/\/shop.meridian-magazin.de\/autoren\/gruebel\/Die-Schriftstellerin-George-Sand-Die-Herrschaft-des-Weiblichen.html\">George Sand<\/a><\/strong><\/p>\n<\/div><figure class=\"wp-block-media-text__media\"><img loading=\"lazy\" decoding=\"async\" width=\"312\" height=\"312\" src=\"https:\/\/astrologie-in-konstanz.de\/wp-content\/uploads\/2019\/04\/03322c9a9b04cdc9c.jpg\" alt=\"\" class=\"wp-image-602 size-full\" srcset=\"https:\/\/astrologie-in-konstanz.de\/wp-content\/uploads\/2019\/04\/03322c9a9b04cdc9c.jpg 312w, https:\/\/astrologie-in-konstanz.de\/wp-content\/uploads\/2019\/04\/03322c9a9b04cdc9c-150x150.jpg 150w, https:\/\/astrologie-in-konstanz.de\/wp-content\/uploads\/2019\/04\/03322c9a9b04cdc9c-300x300.jpg 300w, https:\/\/astrologie-in-konstanz.de\/wp-content\/uploads\/2019\/04\/03322c9a9b04cdc9c-270x270.jpg 270w\" sizes=\"auto, (max-width: 312px) 100vw, 312px\" \/><\/figure><\/div>\n\n\n\n<div class=\"wp-block-media-text alignwide has-media-on-the-right\"><div class=\"wp-block-media-text__content\">\n<p><em>Barry Perlman <\/em><br><em>(\u00dcbersetzung Elvira Gr\u00fcbel):<\/em><br><strong>Warum Queer-Astrologie?<br><\/strong>(in &#8222;Meridian&#8220; 5\/2017)<br><br>Download:<br><a href=\"http:\/\/shop.meridian-magazin.de\/175-10.html?listtype=search&amp;searchparam=perlman\"><strong>Elvira Gr\u00fcbel\/ Meridian:<\/strong><\/a><br><a href=\"http:\/\/shop.meridian-magazin.de\/175-10.html?listtype=search&amp;searchparam=perlman\"><strong>Warum Queer-Astrologie?<\/strong><\/a><\/p>\n<\/div><figure class=\"wp-block-media-text__media\"><img loading=\"lazy\" decoding=\"async\" width=\"280\" height=\"280\" src=\"https:\/\/astrologie-in-konstanz.de\/wp-content\/uploads\/2019\/04\/049a07a7e31039f14.jpg\" alt=\"\" class=\"wp-image-603 size-full\" srcset=\"https:\/\/astrologie-in-konstanz.de\/wp-content\/uploads\/2019\/04\/049a07a7e31039f14.jpg 280w, https:\/\/astrologie-in-konstanz.de\/wp-content\/uploads\/2019\/04\/049a07a7e31039f14-150x150.jpg 150w, https:\/\/astrologie-in-konstanz.de\/wp-content\/uploads\/2019\/04\/049a07a7e31039f14-270x270.jpg 270w\" sizes=\"auto, (max-width: 280px) 100vw, 280px\" \/><\/figure><\/div>\n\n\n<p><em>Ein Besuch der <a href=\"http:\/\/meridian-magazin.de\/\">MERIDIAN-Website<\/a> lohnt sich immer, vor allem dann, wenn Sie Interesse an einer Deutung der<\/em> <a href=\"http:\/\/meridian-magazin.de\/tag\/zeitqualitaet\/\">aktuellen Zeitqualit\u00e4t<\/a> <em>(allgemeine Trends, Handlungsstrategien, Kommunikation, Lust und Liebe etc.) haben; ferner finden Sie dort Voll- und Neumondhoroskope sowie aktuelle Horoskope interessanter Menschen aus dem \u00f6ffentlichen Leben.<\/em><\/p>\n<p>In <a href=\"http:\/\/shop.meridian-magazin.de\/\">MERIDIAN digital &#8211; das Archiv f\u00fcr astrologisches Fachwissen<\/a> finden Sie \u00fcber &#8222;Kategorie&#8220; oder &#8222;Suchwort&#8220; digitale Artikel aus 20 Jahrg\u00e4ngen MERIDIAN (seit 2004) zum Download.<\/p>","protected":false},"excerpt":{"rendered":"<p>LASSEN SIE SICH WEITER INSPIRIEREN &#8230; Im Magazin f\u00fcr Kreuzlingen und Konstanz NUN, Ausgabe # 3 &#8222;Zehn-fingerhelden&#8220;, beschreibt Yasmin Auerswald, NUN-Redakteurin, auf unterhaltsame Art ihre erste Begegnung mit der Astrologie nach einem Interview, das sie mit mir gef\u00fchrt hat. Download:Yasmin Auerswald:Sneak Peek ins LebenWie Astrologie die Zukunft zu lesen versucht Folgende Artikel sind in der Fachzeitschrift MERIDIAN erschienen und k\u00f6nnen \u00fcber den Web-Shop durch Anklicken des Links erworben werden: Elvira Gr\u00fcbel:Erz\u00e4hl mir keine Geschichten&#8230;Das Solarhoroskop als M\u00e4rchen (in &#8222;Meridian&#8220; 2\/2004)&#8230;<\/p>\n<p class=\"read-more\"><a class=\"btn btn-default\" href=\"https:\/\/astrologie-in-konstanz.de\/?page_id=147\">Weiterlesen<span class=\"screen-reader-text\"> Weiterlesen<\/span><\/a><\/p>\n","protected":false},"author":1,"featured_media":0,"parent":0,"menu_order":0,"comment_status":"closed","ping_status":"closed","template":"","meta":{"footnotes":""},"class_list":["post-147","page","type-page","status-publish","hentry"],"_links":{"self":[{"href":"https:\/\/astrologie-in-konstanz.de\/index.php?rest_route=\/wp\/v2\/pages\/147","targetHints":{"allow":["GET"]}}],"collection":[{"href":"https:\/\/astrologie-in-konstanz.de\/index.php?rest_route=\/wp\/v2\/pages"}],"about":[{"href":"https:\/\/astrologie-in-konstanz.de\/index.php?rest_route=\/wp\/v2\/types\/page"}],"author":[{"embeddable":true,"href":"https:\/\/astrologie-in-konstanz.de\/index.php?rest_route=\/wp\/v2\/users\/1"}],"replies":[{"embeddable":true,"href":"https:\/\/astrologie-in-konstanz.de\/index.php?rest_route=%2Fwp%2Fv2%2Fcomments&post=147"}],"version-history":[{"count":40,"href":"https:\/\/astrologie-in-konstanz.de\/index.php?rest_route=\/wp\/v2\/pages\/147\/revisions"}],"predecessor-version":[{"id":975,"href":"https:\/\/astrologie-in-konstanz.de\/index.php?rest_route=\/wp\/v2\/pages\/147\/revisions\/975"}],"wp:attachment":[{"href":"https:\/\/astrologie-in-konstanz.de\/index.php?rest_route=%2Fwp%2Fv2%2Fmedia&parent=147"}],"curies":[{"name":"wp","href":"https:\/\/api.w.org\/{rel}","templated":true}]}}