{"id":2,"date":"2018-07-14T14:35:27","date_gmt":"2018-07-14T14:35:27","guid":{"rendered":"http:\/\/astrologie-in-konstanz.de\/?page_id=2"},"modified":"2023-01-29T13:17:01","modified_gmt":"2023-01-29T13:17:01","slug":"sample-page","status":"publish","type":"page","link":"https:\/\/astrologie-in-konstanz.de\/?page_id=2","title":{"rendered":"DAV"},"content":{"rendered":"\n<figure class=\"wp-block-image\"><img loading=\"lazy\" decoding=\"async\" width=\"1024\" height=\"521\" src=\"https:\/\/astrologie-in-konstanz.de\/wp-content\/uploads\/2019\/04\/DAV_Logo_ohne_Schrift_sm-1024x521.png\" alt=\"\" class=\"wp-image-476\"\/><figcaption class=\"wp-element-caption\">Deutscher Astrologen-Verband e.V. (DAV)<\/figcaption><\/figure>\n\n\n<p style=\"text-align: left;\"><span class=\"rot-14\">Der <\/span>DAV ist die gr\u00f6\u00dfte Vereinigung von Astrologinnen und Astrologen im deutschsprachigen Raum und m\u00f6chte die Astrologie, die \u00e4lteste Symbolsprache der Menschheit, bestm\u00f6glich pflegen, erforschen und weitergeben. Als Fachgebiet mit einer Jahrtausende alten Geschichte kann die Astrologie Antworten auf die unterschiedlichsten Lebensfragen geben.<\/p>\n<p><strong>Garantie f\u00fcr seri\u00f6se Beratung<\/strong><\/p>\n<p style=\"text-align: left;\">Der Titel &#8222;gepr\u00fcfte Astrologin DAV&#8220; \/ &#8222;gepr\u00fcfter Astrologe DAV&#8220; ist eine gesch\u00fctzte Berufs-bezeichnung und darf nur von Astrologen gef\u00fchrt werden, die vor dem Pr\u00fcfungsausschuss des Deutschen Astrologen-Verbandes nachgewiesen haben, dass sie ihr Handwerk, die Astrologie, in allen Bereichen beherrschen (siehe auch <a href=\"https:\/\/astrologie-in-konstanz.de\/?page_id=278\">Wozu &#8222;gepr\u00fcfte Astrologin DAV&#8220;<\/a>?).<\/p>\n<p style=\"text-align: left;\">Aufgrund der Tatsache, dass es kein \u00f6ffentlich-rechtlich gesch\u00fctztes Berufsbild des Astrologen gibt, kann sich jeder Astrologe\/ Astrologin nennen kann, auch wenn er niemals einen Astrologie-Kurs besucht hat. Dies hat mich bewogen, 2005 die anspruchsvolle Pr\u00fcfung abzulegen, um mit dem Abschluss &#8222;gepr\u00fcfte Astrologin DAV&#8220; seri\u00f6se Beratungsarbeit zu garantieren. Durch Unterzeichnung des <a href=\"https:\/\/astrologie-in-konstanz.de\/?page_id=287\">Berufsgel\u00f6bnisses<\/a> habe ich mich in diesem Zusammenhang zur Einhaltung bestimmter ethischer Prinzipen in der Beratungsarbeit verpflichtet.<\/p>\n<p>Die Gremienarbeit des Astrologen-Verbandes unterst\u00fctzte ich f\u00fcr einige Jahre &#8211; erst als Mitglied der Schlichtungskommission und in den Jahren 2020\/2021 als Kassenpr\u00fcferin.<\/p>","protected":false},"excerpt":{"rendered":"<p>Der DAV ist die gr\u00f6\u00dfte Vereinigung von Astrologinnen und Astrologen im deutschsprachigen Raum und m\u00f6chte die Astrologie, die \u00e4lteste Symbolsprache der Menschheit, bestm\u00f6glich pflegen, erforschen und weitergeben. Als Fachgebiet mit einer Jahrtausende alten Geschichte kann die Astrologie Antworten auf die unterschiedlichsten Lebensfragen geben. Garantie f\u00fcr seri\u00f6se Beratung Der Titel &#8222;gepr\u00fcfte Astrologin DAV&#8220; \/ &#8222;gepr\u00fcfter Astrologe DAV&#8220; ist eine gesch\u00fctzte Berufs-bezeichnung und darf nur von Astrologen gef\u00fchrt werden, die vor dem Pr\u00fcfungsausschuss des Deutschen Astrologen-Verbandes nachgewiesen haben, dass sie ihr Handwerk,&#8230;<\/p>\n<p class=\"read-more\"><a class=\"btn btn-default\" href=\"https:\/\/astrologie-in-konstanz.de\/?page_id=2\">Weiterlesen<span class=\"screen-reader-text\"> Weiterlesen<\/span><\/a><\/p>\n","protected":false},"author":1,"featured_media":0,"parent":0,"menu_order":0,"comment_status":"closed","ping_status":"open","template":"","meta":{"footnotes":""},"class_list":["post-2","page","type-page","status-publish","hentry"],"_links":{"self":[{"href":"https:\/\/astrologie-in-konstanz.de\/index.php?rest_route=\/wp\/v2\/pages\/2","targetHints":{"allow":["GET"]}}],"collection":[{"href":"https:\/\/astrologie-in-konstanz.de\/index.php?rest_route=\/wp\/v2\/pages"}],"about":[{"href":"https:\/\/astrologie-in-konstanz.de\/index.php?rest_route=\/wp\/v2\/types\/page"}],"author":[{"embeddable":true,"href":"https:\/\/astrologie-in-konstanz.de\/index.php?rest_route=\/wp\/v2\/users\/1"}],"replies":[{"embeddable":true,"href":"https:\/\/astrologie-in-konstanz.de\/index.php?rest_route=%2Fwp%2Fv2%2Fcomments&post=2"}],"version-history":[{"count":21,"href":"https:\/\/astrologie-in-konstanz.de\/index.php?rest_route=\/wp\/v2\/pages\/2\/revisions"}],"predecessor-version":[{"id":833,"href":"https:\/\/astrologie-in-konstanz.de\/index.php?rest_route=\/wp\/v2\/pages\/2\/revisions\/833"}],"wp:attachment":[{"href":"https:\/\/astrologie-in-konstanz.de\/index.php?rest_route=%2Fwp%2Fv2%2Fmedia&parent=2"}],"curies":[{"name":"wp","href":"https:\/\/api.w.org\/{rel}","templated":true}]}}