{"id":278,"date":"2019-04-22T18:02:12","date_gmt":"2019-04-22T18:02:12","guid":{"rendered":"http:\/\/astrologie-in-konstanz.de\/?page_id=278"},"modified":"2019-04-24T12:20:49","modified_gmt":"2019-04-24T12:20:49","slug":"wozu-gepruefte-astrologin-dav","status":"publish","type":"page","link":"https:\/\/astrologie-in-konstanz.de\/?page_id=278","title":{"rendered":"Wozu &#8222;gepr\u00fcfte Astrologin (DAV)&#8220;?"},"content":{"rendered":"\n<figure class=\"wp-block-image\"><img loading=\"lazy\" decoding=\"async\" width=\"1024\" height=\"357\" src=\"https:\/\/astrologie-in-konstanz.de\/wp-content\/uploads\/2019\/04\/DAV_Logo_Gepr-fteAstrologin_V2_2018-1024x357.png\" alt=\"\" class=\"wp-image-479\" srcset=\"https:\/\/astrologie-in-konstanz.de\/wp-content\/uploads\/2019\/04\/DAV_Logo_Gepr-fteAstrologin_V2_2018-1024x357.png 1024w, https:\/\/astrologie-in-konstanz.de\/wp-content\/uploads\/2019\/04\/DAV_Logo_Gepr-fteAstrologin_V2_2018-300x104.png 300w, https:\/\/astrologie-in-konstanz.de\/wp-content\/uploads\/2019\/04\/DAV_Logo_Gepr-fteAstrologin_V2_2018-768x267.png 768w, https:\/\/astrologie-in-konstanz.de\/wp-content\/uploads\/2019\/04\/DAV_Logo_Gepr-fteAstrologin_V2_2018-604x210.png 604w, https:\/\/astrologie-in-konstanz.de\/wp-content\/uploads\/2019\/04\/DAV_Logo_Gepr-fteAstrologin_V2_2018.png 1304w\" sizes=\"auto, (max-width: 1024px) 100vw, 1024px\" \/><\/figure>\n\n\n\n<p>Der Titel &#8222;gepr\u00fcfte Astrologin DAV&#8220; \/ &#8222;gepr\u00fcfter Astrologe DAV&#8220;<strong> <\/strong>ist eine gesch\u00fctzte Berufs-bezeichnung und darf nur von Astrologen gef\u00fchrt werden, die vor dem Pr\u00fcfungsausschuss des Deutschen Astrologen-Verbandes nachgewiesen haben, dass sie ihr Handwerk, die Astrologie, in allen Bereichen beherrschen. In mehreren Pr\u00fcfungsabschnitten m\u00fcssen sie unter Beweis stellen, dass sie<\/p>\n\n\n\n<ul class=\"wp-block-list\"><li>ein Horoskop (Radix) per Hand berechnen und zeichnen k\u00f6nnen,<\/li><li>in der Lage sind, eine (unzutreffende) Geburtszeit zu korrigieren,<\/li><li>dass sie sowohl die Grundlagen der Astronomie \u2013 Sonnensystem und Planeten, Mond, Mondbahn und Finsternisse, Ekliptik und Tierkreis, Fixsternhimmel, Astronomische Koordinaten usw. \u2013 beherrschen<\/li><li>wie auch die Geschichte der Astrologie von der Antike \u00fcbers Mittelalter, Renaissance bis in die Zeit des 20. Jahrhunderts<\/li><li>und nat\u00fcrlich die Astrologischen Fachbegriffe &#8211; Symbolik, Deutungstechnik, Aspekt-lehre, Prognostik, Partnerschaftsanalyse<\/li><\/ul>\n\n\n\n<p>Sie haben nachgewiesen, dass sie verantwortungsvoll beraten und astrologische Gutachten schreiben k\u00f6nnen. Es steht ihnen auch die M\u00f6glichkeit offen, selbst Supervision in Anspruch zu nehmen.<\/p>\n","protected":false},"excerpt":{"rendered":"<p>Der Titel &#8222;gepr\u00fcfte Astrologin DAV&#8220; \/ &#8222;gepr\u00fcfter Astrologe DAV&#8220; ist eine gesch\u00fctzte Berufs-bezeichnung und darf nur von Astrologen gef\u00fchrt werden, die vor dem Pr\u00fcfungsausschuss des Deutschen Astrologen-Verbandes nachgewiesen haben, dass sie ihr Handwerk, die Astrologie, in allen Bereichen beherrschen. In mehreren Pr\u00fcfungsabschnitten m\u00fcssen sie unter Beweis stellen, dass sie ein Horoskop (Radix) per Hand berechnen und zeichnen k\u00f6nnen, in der Lage sind, eine (unzutreffende) Geburtszeit zu korrigieren, dass sie sowohl die Grundlagen der Astronomie \u2013 Sonnensystem und Planeten, Mond, Mondbahn&#8230;<\/p>\n<p class=\"read-more\"><a class=\"btn btn-default\" href=\"https:\/\/astrologie-in-konstanz.de\/?page_id=278\">Weiterlesen<span class=\"screen-reader-text\"> Weiterlesen<\/span><\/a><\/p>\n","protected":false},"author":1,"featured_media":0,"parent":2,"menu_order":0,"comment_status":"closed","ping_status":"closed","template":"","meta":{"footnotes":""},"class_list":["post-278","page","type-page","status-publish","hentry"],"_links":{"self":[{"href":"https:\/\/astrologie-in-konstanz.de\/index.php?rest_route=\/wp\/v2\/pages\/278","targetHints":{"allow":["GET"]}}],"collection":[{"href":"https:\/\/astrologie-in-konstanz.de\/index.php?rest_route=\/wp\/v2\/pages"}],"about":[{"href":"https:\/\/astrologie-in-konstanz.de\/index.php?rest_route=\/wp\/v2\/types\/page"}],"author":[{"embeddable":true,"href":"https:\/\/astrologie-in-konstanz.de\/index.php?rest_route=\/wp\/v2\/users\/1"}],"replies":[{"embeddable":true,"href":"https:\/\/astrologie-in-konstanz.de\/index.php?rest_route=%2Fwp%2Fv2%2Fcomments&post=278"}],"version-history":[{"count":16,"href":"https:\/\/astrologie-in-konstanz.de\/index.php?rest_route=\/wp\/v2\/pages\/278\/revisions"}],"predecessor-version":[{"id":489,"href":"https:\/\/astrologie-in-konstanz.de\/index.php?rest_route=\/wp\/v2\/pages\/278\/revisions\/489"}],"up":[{"embeddable":true,"href":"https:\/\/astrologie-in-konstanz.de\/index.php?rest_route=\/wp\/v2\/pages\/2"}],"wp:attachment":[{"href":"https:\/\/astrologie-in-konstanz.de\/index.php?rest_route=%2Fwp%2Fv2%2Fmedia&parent=278"}],"curies":[{"name":"wp","href":"https:\/\/api.w.org\/{rel}","templated":true}]}}