{"id":312,"date":"2019-04-22T21:07:14","date_gmt":"2019-04-22T21:07:14","guid":{"rendered":"http:\/\/astrologie-in-konstanz.de\/?page_id=312"},"modified":"2023-01-29T13:32:23","modified_gmt":"2023-01-29T13:32:23","slug":"links-zu-dav-seiten","status":"publish","type":"page","link":"https:\/\/astrologie-in-konstanz.de\/?page_id=312","title":{"rendered":"Links zu DAV-Seiten"},"content":{"rendered":"\n<p class=\"has-text-align-left\"><\/p>\n\n\n\n<p>In der <a href=\"https:\/\/www.astrologenverband.de\/images\/stories\/pdf\/DAV-Ordnung-Berufsordnung.pdf\">Berufsordnung<\/a> des Deutschen Astrologenverbandes sind die Richtlinien f\u00fcr die Aus\u00fcbung der astrologischen T\u00e4tigkeit festgehalten, die f\u00fcr alle ordentlichen und gepr\u00fcften Mitglieder im DAV gelten. <\/p>\n\n\n\n<p class=\"has-text-align-left\">Das <a href=\"https:\/\/www.astrologenverband.de\/verband\/dav-thesenpapier\">Thesenpapier <\/a>astrologischer Vereinigungen versteht sich als Aufkl\u00e4rung \u00fcber die Grunds\u00e4tze der Astrologie.<\/p>\n\n\n\n<p>Im Veranstaltungskalender des Deutschen Astrologenverbandes finden Sie ein gro\u00dfes Angebot an Vortr\u00e4gen und Seminaren auf dem Gebiet der Astrologie.<\/p>\n","protected":false},"excerpt":{"rendered":"<p>In der Berufsordnung des Deutschen Astrologenverbandes sind die Richtlinien f\u00fcr die Aus\u00fcbung der astrologischen T\u00e4tigkeit festgehalten, die f\u00fcr alle ordentlichen und gepr\u00fcften Mitglieder im DAV gelten. Das Thesenpapier astrologischer Vereinigungen versteht sich als Aufkl\u00e4rung \u00fcber die Grunds\u00e4tze der Astrologie. Im Veranstaltungskalender des Deutschen Astrologenverbandes finden Sie ein gro\u00dfes Angebot an Vortr\u00e4gen und Seminaren auf dem Gebiet der Astrologie.<\/p>\n","protected":false},"author":1,"featured_media":0,"parent":0,"menu_order":0,"comment_status":"closed","ping_status":"closed","template":"","meta":{"footnotes":""},"class_list":["post-312","page","type-page","status-publish","hentry"],"_links":{"self":[{"href":"https:\/\/astrologie-in-konstanz.de\/index.php?rest_route=\/wp\/v2\/pages\/312","targetHints":{"allow":["GET"]}}],"collection":[{"href":"https:\/\/astrologie-in-konstanz.de\/index.php?rest_route=\/wp\/v2\/pages"}],"about":[{"href":"https:\/\/astrologie-in-konstanz.de\/index.php?rest_route=\/wp\/v2\/types\/page"}],"author":[{"embeddable":true,"href":"https:\/\/astrologie-in-konstanz.de\/index.php?rest_route=\/wp\/v2\/users\/1"}],"replies":[{"embeddable":true,"href":"https:\/\/astrologie-in-konstanz.de\/index.php?rest_route=%2Fwp%2Fv2%2Fcomments&post=312"}],"version-history":[{"count":19,"href":"https:\/\/astrologie-in-konstanz.de\/index.php?rest_route=\/wp\/v2\/pages\/312\/revisions"}],"predecessor-version":[{"id":839,"href":"https:\/\/astrologie-in-konstanz.de\/index.php?rest_route=\/wp\/v2\/pages\/312\/revisions\/839"}],"wp:attachment":[{"href":"https:\/\/astrologie-in-konstanz.de\/index.php?rest_route=%2Fwp%2Fv2%2Fmedia&parent=312"}],"curies":[{"name":"wp","href":"https:\/\/api.w.org\/{rel}","templated":true}]}}