{"id":491,"date":"2019-04-24T16:17:25","date_gmt":"2019-04-24T16:17:25","guid":{"rendered":"http:\/\/astrologie-in-konstanz.de\/?page_id=491"},"modified":"2019-04-24T16:56:27","modified_gmt":"2019-04-24T16:56:27","slug":"konstanz","status":"publish","type":"page","link":"https:\/\/astrologie-in-konstanz.de\/?page_id=491","title":{"rendered":"Konstanz"},"content":{"rendered":"\n<p>WISSENSWERTES UND LIEBENSWERTES \u00dcBER KONSTANZ<\/p>\n\n\n\n<figure class=\"wp-block-image\"><img loading=\"lazy\" decoding=\"async\" width=\"571\" height=\"428\" src=\"https:\/\/astrologie-in-konstanz.de\/wp-content\/uploads\/2019\/04\/fotoliamuensterbreit.jpg\" alt=\"\" class=\"wp-image-502\" srcset=\"https:\/\/astrologie-in-konstanz.de\/wp-content\/uploads\/2019\/04\/fotoliamuensterbreit.jpg 571w, https:\/\/astrologie-in-konstanz.de\/wp-content\/uploads\/2019\/04\/fotoliamuensterbreit-300x225.jpg 300w, https:\/\/astrologie-in-konstanz.de\/wp-content\/uploads\/2019\/04\/fotoliamuensterbreit-360x270.jpg 360w\" sizes=\"auto, (max-width: 571px) 100vw, 571px\" \/><\/figure>\n\n\n\n<p>Der Name Konstanz wurde abgeleitet von der Bezeichnung &#8222;Constantia&#8220;, die die R\u00f6mer um 350 n.Chr. ihrer befestigten Anlage auf dem heutigen M\u00fcnsterh\u00fcgel zu Ehren des r\u00f6mischen Kaisers Constantius II. verliehen hatten. Die \u00e4ltesten Siedlungsspuren weisen jedoch bis in die j\u00fcngere Steinzeit zur\u00fcck. Aus dem 1. Jh. v. Chr. sind Funde einer keltischen Siedlung bekannt.<\/p>\n\n\n\n<p>Ihre Bl\u00fctezeit erlebte die Stadt zwischen dem 10. und dem 14. Jahrhundert. Im Schnittpunkt der Handelsstra\u00dfen nach Oberitalien, Frankreich und Osteuropa gelegen, avancierte sie zu einem wichtigen Handelsplatz. W\u00e4hrend des Konzils von 1414 bis 1418 tagten Kirchenvertreter aus allen europ\u00e4ischen L\u00e4ndern in der damaligen Bischofsstadt Konstanz. Aus Anlass des <a href=\"https:\/\/www.konstanzer-konzil.de\/de\/\">600-j\u00e4hrigen Jubil\u00e4ums<\/a>, das von 2014 bis 2018 in Konstanz zelebriert wurde, fanden vielf\u00e4ltige Veranstaltungen zu diesem Thema statt.<br> <br> 1548 verlor die Stadt dann ihre Reichsfreiheit und wurde zu einer \u00f6sterreichischen Landstadt, bis sie 1806 mit dem Sieg Napoleons in das neu geschaffene Gro\u00dfherzogtum Baden eingegliedert wurde. Mit Stolz bezeichnen sich die Konstanzer seither als &#8222;Badener&#8220;, was gelegentlich auf Autoaufklebern nachgelesen werden kann: Es gibt badische und unsymbadische &#8230; <\/p>\n\n\n\n<p style=\"text-align:left\">Ihrer N\u00e4he zur Schweiz verdankt es die Stadt Konstanz, dass sie im Zweiten <br>Weltkrieg von Zerst\u00f6rungen verschont blieb. Der historische, unter Denkmalschutz stehende Altstadtteil &#8222;Niederburg&#8220; erinnert mit seinen engen Gassen und kleinen Ladengesch\u00e4ften schon fast an s\u00fcdliche Gefilde. Mit seinen historischen St\u00e4tten wie dem M\u00fcnster, einem Dominikanerinnenkloster, dem Stadttheater, vielen Weinkneipen und Stra\u00dfencaf\u00e9s ist er sowohl bei Konstanzern als auch bei Touristen sehr beliebt.<\/p>\n\n\n\n<figure class=\"wp-block-image\"><img loading=\"lazy\" decoding=\"async\" width=\"312\" height=\"234\" src=\"https:\/\/astrologie-in-konstanz.de\/wp-content\/uploads\/2019\/04\/weinhandlungsmall.jpg\" alt=\"\" class=\"wp-image-499\" srcset=\"https:\/\/astrologie-in-konstanz.de\/wp-content\/uploads\/2019\/04\/weinhandlungsmall.jpg 312w, https:\/\/astrologie-in-konstanz.de\/wp-content\/uploads\/2019\/04\/weinhandlungsmall-300x225.jpg 300w\" sizes=\"auto, (max-width: 312px) 100vw, 312px\" \/><\/figure>\n\n\n\n<p>Konstanz ist die gr\u00f6\u00dfte Stadt am Bodensee und z\u00e4hlt inzwischen 81.000 <br>Einwohner. Dank seiner traumhaften Lage am See und der N\u00e4he zu den <br>Alpen ist Konstanz als <a href=\"http:\/\/www.universitaet-konstanz.de\/\">Universit\u00e4tsstadt<\/a> nicht nur bei den Studenten <br>begehrt. Der hohe Freizeitwert, das mediterrane Flair und touristische <br>Attraktionen wie die tropische Blumeninsel Mainau, das UNESCO-Weltkulturerbe <a href=\"UID:049a079f8211a0f03\">Insel Reichenau<\/a> mit seinen 3 Kirchen aus dem 9. bis 11. Jahrhundert oder der nahe gelegene Rheinfall ziehen internationales Publikum an.<\/p>\n\n\n\n<figure class=\"wp-block-image\"><img loading=\"lazy\" decoding=\"async\" width=\"360\" height=\"270\" src=\"https:\/\/astrologie-in-konstanz.de\/wp-content\/uploads\/2019\/04\/seestrassesmall.jpg\" alt=\"\" class=\"wp-image-501\" srcset=\"https:\/\/astrologie-in-konstanz.de\/wp-content\/uploads\/2019\/04\/seestrassesmall.jpg 360w, https:\/\/astrologie-in-konstanz.de\/wp-content\/uploads\/2019\/04\/seestrassesmall-300x225.jpg 300w\" sizes=\"auto, (max-width: 360px) 100vw, 360px\" \/><\/figure>\n\n\n\n<p>Auch kulturell wird einiges an Events geboten (Bodensee-Festival, <br> Zelt-Festival, Rock am See, Ausgangspunkt zu den Bregenzer Fest-<br> spielen etc.). Weitere gro\u00dfe Veranstaltungen locken das <br> ganze Jahr \u00fcber Menschen nach Konstanz &#8211; beginnend mit der <br> 5. Jahreszeit, der traditionellen <a href=\"UID:049a079eac0baed02\">Konstanzer Fasnacht<\/a>, gefolgt vom <br> Flohmarkt, Seenachtsfest, Weinfest, Suserfest und in der Adventszeit <br> schlie\u00dflich der Konstanzer Weihnachtsmarkt.<\/p>\n\n\n\n<p><br><\/p>\n","protected":false},"excerpt":{"rendered":"<p>WISSENSWERTES UND LIEBENSWERTES \u00dcBER KONSTANZ Der Name Konstanz wurde abgeleitet von der Bezeichnung &#8222;Constantia&#8220;, die die R\u00f6mer um 350 n.Chr. ihrer befestigten Anlage auf dem heutigen M\u00fcnsterh\u00fcgel zu Ehren des r\u00f6mischen Kaisers Constantius II. verliehen hatten. Die \u00e4ltesten Siedlungsspuren weisen jedoch bis in die j\u00fcngere Steinzeit zur\u00fcck. Aus dem 1. Jh. v. Chr. sind Funde einer keltischen Siedlung bekannt. Ihre Bl\u00fctezeit erlebte die Stadt zwischen dem 10. und dem 14. Jahrhundert. Im Schnittpunkt der Handelsstra\u00dfen nach Oberitalien, Frankreich und Osteuropa&#8230;<\/p>\n<p class=\"read-more\"><a class=\"btn btn-default\" href=\"https:\/\/astrologie-in-konstanz.de\/?page_id=491\">Weiterlesen<span class=\"screen-reader-text\"> Weiterlesen<\/span><\/a><\/p>\n","protected":false},"author":1,"featured_media":0,"parent":0,"menu_order":0,"comment_status":"closed","ping_status":"closed","template":"","meta":{"footnotes":""},"class_list":["post-491","page","type-page","status-publish","hentry"],"_links":{"self":[{"href":"https:\/\/astrologie-in-konstanz.de\/index.php?rest_route=\/wp\/v2\/pages\/491","targetHints":{"allow":["GET"]}}],"collection":[{"href":"https:\/\/astrologie-in-konstanz.de\/index.php?rest_route=\/wp\/v2\/pages"}],"about":[{"href":"https:\/\/astrologie-in-konstanz.de\/index.php?rest_route=\/wp\/v2\/types\/page"}],"author":[{"embeddable":true,"href":"https:\/\/astrologie-in-konstanz.de\/index.php?rest_route=\/wp\/v2\/users\/1"}],"replies":[{"embeddable":true,"href":"https:\/\/astrologie-in-konstanz.de\/index.php?rest_route=%2Fwp%2Fv2%2Fcomments&post=491"}],"version-history":[{"count":8,"href":"https:\/\/astrologie-in-konstanz.de\/index.php?rest_route=\/wp\/v2\/pages\/491\/revisions"}],"predecessor-version":[{"id":504,"href":"https:\/\/astrologie-in-konstanz.de\/index.php?rest_route=\/wp\/v2\/pages\/491\/revisions\/504"}],"wp:attachment":[{"href":"https:\/\/astrologie-in-konstanz.de\/index.php?rest_route=%2Fwp%2Fv2%2Fmedia&parent=491"}],"curies":[{"name":"wp","href":"https:\/\/api.w.org\/{rel}","templated":true}]}}