{"id":506,"date":"2019-04-24T17:13:06","date_gmt":"2019-04-24T17:13:06","guid":{"rendered":"http:\/\/astrologie-in-konstanz.de\/?page_id=506"},"modified":"2019-04-24T17:24:15","modified_gmt":"2019-04-24T17:24:15","slug":"konstanz-kreuzlingen-kunst-oeffnet-grenzen","status":"publish","type":"page","link":"https:\/\/astrologie-in-konstanz.de\/?page_id=506","title":{"rendered":"Tarot &#8211; Kunstgrenze"},"content":{"rendered":"\n<p>KUNST \u00d6FFNET GRENZEN<\/p>\n\n\n\n<p style=\"text-align:left\">Die weltweit erste &#8222;Kunst-Grenze&#8220; markiert in Konstanz \u00fcber eine\nL\u00e4nge von 300 Meter den Verlauf der Landesgrenze zwischen Deutschland und der\nSchweiz und \u00f6ffnet diese Grenze nicht nur ganz real, sondern auch symbolisch\nund abstrakt. <br>\n<br>\n<strong>Die 22 Einzelskulpturen,<\/strong> <br>\ndie der 1941 in Konstanz geborene K\u00fcnstler Johannes D\u00f6rflinger in abstrahierter\nForm als ornamentale Zeichen umsetzte, stellen die &#8222;Gro\u00dfe Arkana&#8220;\ndar, die Tr\u00fcmpfe (archetypische &#8222;Stationen&#8220;) des Tarot. Er hat damit\nein Landschaftskunstwerk geschaffen, das dem Betrachter Anst\u00f6\u00dfe geben und zum\nAssoziieren einladen soll, jedoch nichts festlegen m\u00f6chte. <br>\n<br>\n<strong>In der Planetenkonstellation<\/strong> <br>\nam Tag der Er\u00f6ffnung der Kunstgrenze (16. August 2006) findet sich in einer\nSaturn-Neptun-Opposition das Symbol der &#8222;offenen Grenze&#8220; wieder, was\nmich nicht allzu sehr \u00fcberraschte, da sich nach meiner Erfahrung die\nZeitqualit\u00e4t im Tageshoroskop widerspiegelt. Saturn, der traditionelle H\u00fcter\nder Schwelle, wird mit dem vision\u00e4r-kreativen Neptun konfrontiert \u2013 vielleicht\ngar von Neptun verf\u00fchrt \u2013 von den Musen gek\u00fcsst \u2026 und vergisst seine strengen\nPrinzipien. Aufl\u00f6sung von \u00fcberholten Strukturen. Der Maschendrahtzaun f\u00e4llt.\nUnd so wurde aus der Vision eines K\u00fcnstlers Realit\u00e4t: Kunst \u00f6ffnet Grenzen. <\/p>\n\n\n\n<p>Mehr zum <a href=\"https:\/\/www.konstanz.de\/start\/kultur+_+freizeit\/kunstgrenze+konstanz+kreuzlingen.html\">Thema &#8222;Kunstgrenze&#8220;<\/a> auf der Website der Stadt Konstanz.<\/p>\n\n\n\n<ul class=\"wp-block-gallery columns-3 is-cropped wp-block-gallery-1 is-layout-flex wp-block-gallery-is-layout-flex\"><li class=\"blocks-gallery-item\"><figure><img loading=\"lazy\" decoding=\"async\" width=\"400\" height=\"400\" src=\"https:\/\/astrologie-in-konstanz.de\/wp-content\/uploads\/2019\/04\/gerechtigkeiteremit400.jpg\" alt=\"\" data-id=\"507\" data-link=\"https:\/\/astrologie-in-konstanz.de\/?attachment_id=507\" class=\"wp-image-507\" srcset=\"https:\/\/astrologie-in-konstanz.de\/wp-content\/uploads\/2019\/04\/gerechtigkeiteremit400.jpg 400w, https:\/\/astrologie-in-konstanz.de\/wp-content\/uploads\/2019\/04\/gerechtigkeiteremit400-150x150.jpg 150w, https:\/\/astrologie-in-konstanz.de\/wp-content\/uploads\/2019\/04\/gerechtigkeiteremit400-300x300.jpg 300w, https:\/\/astrologie-in-konstanz.de\/wp-content\/uploads\/2019\/04\/gerechtigkeiteremit400-270x270.jpg 270w\" sizes=\"auto, (max-width: 400px) 100vw, 400px\" \/><\/figure><\/li><li class=\"blocks-gallery-item\"><figure><img loading=\"lazy\" decoding=\"async\" width=\"400\" height=\"400\" src=\"https:\/\/astrologie-in-konstanz.de\/wp-content\/uploads\/2019\/04\/gericht400.jpg\" alt=\"\" data-id=\"508\" data-link=\"https:\/\/astrologie-in-konstanz.de\/?attachment_id=508\" class=\"wp-image-508\" srcset=\"https:\/\/astrologie-in-konstanz.de\/wp-content\/uploads\/2019\/04\/gericht400.jpg 400w, https:\/\/astrologie-in-konstanz.de\/wp-content\/uploads\/2019\/04\/gericht400-150x150.jpg 150w, https:\/\/astrologie-in-konstanz.de\/wp-content\/uploads\/2019\/04\/gericht400-300x300.jpg 300w, https:\/\/astrologie-in-konstanz.de\/wp-content\/uploads\/2019\/04\/gericht400-270x270.jpg 270w\" sizes=\"auto, (max-width: 400px) 100vw, 400px\" \/><\/figure><\/li><li class=\"blocks-gallery-item\"><figure><img loading=\"lazy\" decoding=\"async\" width=\"400\" height=\"400\" src=\"https:\/\/astrologie-in-konstanz.de\/wp-content\/uploads\/2019\/04\/gluecksrad400.jpg\" alt=\"\" data-id=\"509\" data-link=\"https:\/\/astrologie-in-konstanz.de\/?attachment_id=509\" class=\"wp-image-509\" srcset=\"https:\/\/astrologie-in-konstanz.de\/wp-content\/uploads\/2019\/04\/gluecksrad400.jpg 400w, https:\/\/astrologie-in-konstanz.de\/wp-content\/uploads\/2019\/04\/gluecksrad400-150x150.jpg 150w, https:\/\/astrologie-in-konstanz.de\/wp-content\/uploads\/2019\/04\/gluecksrad400-300x300.jpg 300w, https:\/\/astrologie-in-konstanz.de\/wp-content\/uploads\/2019\/04\/gluecksrad400-270x270.jpg 270w\" sizes=\"auto, (max-width: 400px) 100vw, 400px\" \/><\/figure><\/li><li class=\"blocks-gallery-item\"><figure><img loading=\"lazy\" decoding=\"async\" width=\"200\" height=\"200\" src=\"https:\/\/astrologie-in-konstanz.de\/wp-content\/uploads\/2019\/04\/liebesmall.jpg\" alt=\"\" data-id=\"510\" data-link=\"https:\/\/astrologie-in-konstanz.de\/?attachment_id=510\" class=\"wp-image-510\" srcset=\"https:\/\/astrologie-in-konstanz.de\/wp-content\/uploads\/2019\/04\/liebesmall.jpg 200w, https:\/\/astrologie-in-konstanz.de\/wp-content\/uploads\/2019\/04\/liebesmall-150x150.jpg 150w\" sizes=\"auto, (max-width: 200px) 100vw, 200px\" \/><\/figure><\/li><li class=\"blocks-gallery-item\"><figure><img loading=\"lazy\" decoding=\"async\" width=\"400\" height=\"400\" src=\"https:\/\/astrologie-in-konstanz.de\/wp-content\/uploads\/2019\/04\/magier400.jpg\" alt=\"\" data-id=\"511\" data-link=\"https:\/\/astrologie-in-konstanz.de\/?attachment_id=511\" class=\"wp-image-511\" srcset=\"https:\/\/astrologie-in-konstanz.de\/wp-content\/uploads\/2019\/04\/magier400.jpg 400w, https:\/\/astrologie-in-konstanz.de\/wp-content\/uploads\/2019\/04\/magier400-150x150.jpg 150w, https:\/\/astrologie-in-konstanz.de\/wp-content\/uploads\/2019\/04\/magier400-300x300.jpg 300w, https:\/\/astrologie-in-konstanz.de\/wp-content\/uploads\/2019\/04\/magier400-270x270.jpg 270w\" sizes=\"auto, (max-width: 400px) 100vw, 400px\" \/><\/figure><\/li><li class=\"blocks-gallery-item\"><figure><img loading=\"lazy\" decoding=\"async\" width=\"400\" height=\"400\" src=\"https:\/\/astrologie-in-konstanz.de\/wp-content\/uploads\/2019\/04\/sonnemond400.jpg\" alt=\"\" data-id=\"512\" data-link=\"https:\/\/astrologie-in-konstanz.de\/?attachment_id=512\" class=\"wp-image-512\" srcset=\"https:\/\/astrologie-in-konstanz.de\/wp-content\/uploads\/2019\/04\/sonnemond400.jpg 400w, https:\/\/astrologie-in-konstanz.de\/wp-content\/uploads\/2019\/04\/sonnemond400-150x150.jpg 150w, https:\/\/astrologie-in-konstanz.de\/wp-content\/uploads\/2019\/04\/sonnemond400-300x300.jpg 300w, https:\/\/astrologie-in-konstanz.de\/wp-content\/uploads\/2019\/04\/sonnemond400-270x270.jpg 270w\" sizes=\"auto, (max-width: 400px) 100vw, 400px\" \/><\/figure><\/li><li class=\"blocks-gallery-item\"><figure><img loading=\"lazy\" decoding=\"async\" width=\"400\" height=\"400\" src=\"https:\/\/astrologie-in-konstanz.de\/wp-content\/uploads\/2019\/04\/todwiedergeburt400.jpg\" alt=\"\" data-id=\"513\" data-link=\"https:\/\/astrologie-in-konstanz.de\/?attachment_id=513\" class=\"wp-image-513\" srcset=\"https:\/\/astrologie-in-konstanz.de\/wp-content\/uploads\/2019\/04\/todwiedergeburt400.jpg 400w, https:\/\/astrologie-in-konstanz.de\/wp-content\/uploads\/2019\/04\/todwiedergeburt400-150x150.jpg 150w, https:\/\/astrologie-in-konstanz.de\/wp-content\/uploads\/2019\/04\/todwiedergeburt400-300x300.jpg 300w, https:\/\/astrologie-in-konstanz.de\/wp-content\/uploads\/2019\/04\/todwiedergeburt400-270x270.jpg 270w\" sizes=\"auto, (max-width: 400px) 100vw, 400px\" \/><\/figure><\/li><li class=\"blocks-gallery-item\"><figure><img loading=\"lazy\" decoding=\"async\" width=\"400\" height=\"400\" src=\"https:\/\/astrologie-in-konstanz.de\/wp-content\/uploads\/2019\/04\/turmteufel400.jpg\" alt=\"\" data-id=\"514\" data-link=\"https:\/\/astrologie-in-konstanz.de\/?attachment_id=514\" class=\"wp-image-514\" srcset=\"https:\/\/astrologie-in-konstanz.de\/wp-content\/uploads\/2019\/04\/turmteufel400.jpg 400w, https:\/\/astrologie-in-konstanz.de\/wp-content\/uploads\/2019\/04\/turmteufel400-150x150.jpg 150w, https:\/\/astrologie-in-konstanz.de\/wp-content\/uploads\/2019\/04\/turmteufel400-300x300.jpg 300w, https:\/\/astrologie-in-konstanz.de\/wp-content\/uploads\/2019\/04\/turmteufel400-270x270.jpg 270w\" sizes=\"auto, (max-width: 400px) 100vw, 400px\" \/><\/figure><\/li><li class=\"blocks-gallery-item\"><figure><img loading=\"lazy\" decoding=\"async\" width=\"400\" height=\"400\" src=\"https:\/\/astrologie-in-konstanz.de\/wp-content\/uploads\/2019\/04\/wagen400.jpg\" alt=\"\" data-id=\"515\" data-link=\"https:\/\/astrologie-in-konstanz.de\/?attachment_id=515\" class=\"wp-image-515\" srcset=\"https:\/\/astrologie-in-konstanz.de\/wp-content\/uploads\/2019\/04\/wagen400.jpg 400w, https:\/\/astrologie-in-konstanz.de\/wp-content\/uploads\/2019\/04\/wagen400-150x150.jpg 150w, https:\/\/astrologie-in-konstanz.de\/wp-content\/uploads\/2019\/04\/wagen400-300x300.jpg 300w, https:\/\/astrologie-in-konstanz.de\/wp-content\/uploads\/2019\/04\/wagen400-270x270.jpg 270w\" sizes=\"auto, (max-width: 400px) 100vw, 400px\" \/><\/figure><\/li><li class=\"blocks-gallery-item\"><figure><img loading=\"lazy\" decoding=\"async\" width=\"400\" height=\"400\" src=\"https:\/\/astrologie-in-konstanz.de\/wp-content\/uploads\/2019\/04\/weiblmaennlkraft400.jpg\" alt=\"\" data-id=\"516\" data-link=\"https:\/\/astrologie-in-konstanz.de\/?attachment_id=516\" class=\"wp-image-516\" srcset=\"https:\/\/astrologie-in-konstanz.de\/wp-content\/uploads\/2019\/04\/weiblmaennlkraft400.jpg 400w, https:\/\/astrologie-in-konstanz.de\/wp-content\/uploads\/2019\/04\/weiblmaennlkraft400-150x150.jpg 150w, https:\/\/astrologie-in-konstanz.de\/wp-content\/uploads\/2019\/04\/weiblmaennlkraft400-300x300.jpg 300w, https:\/\/astrologie-in-konstanz.de\/wp-content\/uploads\/2019\/04\/weiblmaennlkraft400-270x270.jpg 270w\" sizes=\"auto, (max-width: 400px) 100vw, 400px\" \/><\/figure><\/li><li class=\"blocks-gallery-item\"><figure><img loading=\"lazy\" decoding=\"async\" width=\"586\" height=\"586\" src=\"https:\/\/astrologie-in-konstanz.de\/wp-content\/uploads\/2019\/04\/03322c9a9b0bd4f3c.jpg\" alt=\"\" data-id=\"518\" data-link=\"https:\/\/astrologie-in-konstanz.de\/?attachment_id=518\" class=\"wp-image-518\" srcset=\"https:\/\/astrologie-in-konstanz.de\/wp-content\/uploads\/2019\/04\/03322c9a9b0bd4f3c.jpg 586w, https:\/\/astrologie-in-konstanz.de\/wp-content\/uploads\/2019\/04\/03322c9a9b0bd4f3c-150x150.jpg 150w, https:\/\/astrologie-in-konstanz.de\/wp-content\/uploads\/2019\/04\/03322c9a9b0bd4f3c-300x300.jpg 300w, https:\/\/astrologie-in-konstanz.de\/wp-content\/uploads\/2019\/04\/03322c9a9b0bd4f3c-270x270.jpg 270w\" sizes=\"auto, (max-width: 586px) 100vw, 586px\" \/><\/figure><\/li><\/ul>\n\n\n\n<p>Alle Fotos dieser Galerie  \u00a9 Elvira Gr\u00fcbel<\/p>\n\n\n\n<p><\/p>\n","protected":false},"excerpt":{"rendered":"<p>KUNST \u00d6FFNET GRENZEN Die weltweit erste &#8222;Kunst-Grenze&#8220; markiert in Konstanz \u00fcber eine L\u00e4nge von 300 Meter den Verlauf der Landesgrenze zwischen Deutschland und der Schweiz und \u00f6ffnet diese Grenze nicht nur ganz real, sondern auch symbolisch und abstrakt. Die 22 Einzelskulpturen, die der 1941 in Konstanz geborene K\u00fcnstler Johannes D\u00f6rflinger in abstrahierter Form als ornamentale Zeichen umsetzte, stellen die &#8222;Gro\u00dfe Arkana&#8220; dar, die Tr\u00fcmpfe (archetypische &#8222;Stationen&#8220;) des Tarot. Er hat damit ein Landschaftskunstwerk geschaffen, das dem Betrachter Anst\u00f6\u00dfe geben und&#8230;<\/p>\n<p class=\"read-more\"><a class=\"btn btn-default\" href=\"https:\/\/astrologie-in-konstanz.de\/?page_id=506\">Weiterlesen<span class=\"screen-reader-text\"> Weiterlesen<\/span><\/a><\/p>\n","protected":false},"author":1,"featured_media":0,"parent":0,"menu_order":0,"comment_status":"closed","ping_status":"closed","template":"","meta":{"footnotes":""},"class_list":["post-506","page","type-page","status-publish","hentry"],"_links":{"self":[{"href":"https:\/\/astrologie-in-konstanz.de\/index.php?rest_route=\/wp\/v2\/pages\/506","targetHints":{"allow":["GET"]}}],"collection":[{"href":"https:\/\/astrologie-in-konstanz.de\/index.php?rest_route=\/wp\/v2\/pages"}],"about":[{"href":"https:\/\/astrologie-in-konstanz.de\/index.php?rest_route=\/wp\/v2\/types\/page"}],"author":[{"embeddable":true,"href":"https:\/\/astrologie-in-konstanz.de\/index.php?rest_route=\/wp\/v2\/users\/1"}],"replies":[{"embeddable":true,"href":"https:\/\/astrologie-in-konstanz.de\/index.php?rest_route=%2Fwp%2Fv2%2Fcomments&post=506"}],"version-history":[{"count":5,"href":"https:\/\/astrologie-in-konstanz.de\/index.php?rest_route=\/wp\/v2\/pages\/506\/revisions"}],"predecessor-version":[{"id":524,"href":"https:\/\/astrologie-in-konstanz.de\/index.php?rest_route=\/wp\/v2\/pages\/506\/revisions\/524"}],"wp:attachment":[{"href":"https:\/\/astrologie-in-konstanz.de\/index.php?rest_route=%2Fwp%2Fv2%2Fmedia&parent=506"}],"curies":[{"name":"wp","href":"https:\/\/api.w.org\/{rel}","templated":true}]}}