{"id":53,"date":"2018-07-15T12:06:00","date_gmt":"2018-07-15T12:06:00","guid":{"rendered":"http:\/\/astrologie-in-konstanz.de\/?page_id=53"},"modified":"2024-03-16T18:03:29","modified_gmt":"2024-03-16T18:03:29","slug":"impressum-2","status":"publish","type":"page","link":"https:\/\/astrologie-in-konstanz.de\/?page_id=53","title":{"rendered":"Impressum"},"content":{"rendered":"<p>Anbieter i.S.d. TDG (Teledienstgesetz) und verantwortlich im Sinne des Medienrechts (MdStV \u00a7 6 \/ Abs. 2) sowie V.i.S.d.P. ist<br \/>\nElvira Gr\u00fcbel<br \/>\n<em>(im Folgenden &#8222;Anbieter&#8220; genannt)<\/em><\/p>\n<p><em>Anschrift:<\/em> Kornblumenweg 18, D-78465 Konstanz<br \/>\n<em>Telefon:<\/em> 07531-45066 (Anrufbeantworter)<br \/>\n<em>E-Mail:<\/em> kontakt[at]astrologie-in-konstanz.de<\/p>\n<p><em>Finanzamt: <\/em>Konstanz,<br \/>\n<em>St.-Nr.:<\/em> 09154\/48003<br \/>\n<em>USt-ID: <\/em>entf\u00e4llt (nach \u00a719 UStG)<\/p>\n<p>\u00a9 2008 Elvira Gr\u00fcbel \/ Astrologie in Konstanz &#8211; All rights reserved.<br \/>\nInhalt und Darstellung der von mir betriebenen Website sind urheberrechtlich gesch\u00fctzt. Alle darin wiedergegebenen Informationen und Angaben beruhen auf \u00f6ffentlich zug\u00e4nglichen Quellen oder auf meiner eigenen Meinung bzw. Einsch\u00e4tzung.<\/p>\n<p>Aller Inhalt (content), insbesondere die hier gezeigten Bilder, Texte und sonstigen Informationen unterliegen &#8211; sofern nicht anders gekennzeichnet &#8211; dem Copyright von Elvira Gr\u00fcbel (im Folgenden &#8222;Anbieter&#8220; genannt). Jede Verbreitung, Vervielf\u00e4ltigung, Wieder- oder Weitergabe, Speichern oder Sendung ist ausdr\u00fccklich untersagt &#8211; es sei denn, es wurde IM VORAUS die<strong> <a href=\"UID:03322c9a9a0964f20\">schriftliche Genehmigung<\/a><\/strong> durch den Anbieter eingeholt &#8211; UND von diesem ausdr\u00fccklich BEST\u00c4TIGT.<\/p>\n<p>Namentlich gekennzeichnete Artikel, Textbeitr\u00e4ge, Bilder und Klangwerke: Das Copyright \u00a9 liegt bei den jeweiligen Autoren bzw. Rechteinhabern &#8211; mit genehmigter Verwendung im Rahmen dieser Website.<\/p>\n<p><strong>Bildquellen:<br \/>\n<\/strong>\u00bb<strong> <a href=\"http:\/\/photocase.com\/\">photocase.com<\/a><\/strong> [complize|m.martins; judigrafie; Gerti G.; reckmann; .design-stube; nurmalso; emma75; momosu]<br \/>\n\u00bb <a href=\"http:\/\/www.fotolia.com\/\">fotolia.com<\/a><br \/>\n\u00bb <a href=\"http:\/\/www.nasaimages.org\/\">nasaimages.org<\/a><br \/>\nPicturepool von \u00bbweb to date\u00ab<br \/>\nBruno Rauscher, Andr\u00e9 Klotz, Elvira Gr\u00fcbel, Jascha Gr\u00fcbel, Jespah Holthoff, Volker M. Karrer<\/p>\n<p><strong>Musik:<\/strong><br \/>\nBernd Klenk \/ <a href=\"UID:049a079b040a55503\">Pamo Project<\/a><\/p>\n<p><strong>Rechteverletzung<\/strong><\/p>\n<p>Keine Abmahnung ohne vorherigen Kontakt!<br \/>\n<strong><br \/>\n<\/strong>Sollten Aspekte oder Teile der Website des Anbieters versehentlich gegen irgendwelche Rechte Dritter (etwa Nutzungsrechte\/ Copyright) versto\u00dfen haben oder gesetzliche Bestimmungen verletzen, benachrichtigen Sie ihn bitte <strong>ohne Kostennote<\/strong> umgehend per <u>e-mail<\/u>.<\/p>\n<p>Der Anbieter garantiert, dass zu Recht beanstandete Passagen schnellstm\u00f6glich entfernt bzw. gebessert oder berichtigt werden &#8211; die Einschaltung eines Rechtsbeistandes durch den Betroffenen ist dazu in keinem Fall erforderlich.<\/p>\n<p>Irgendwelche Kosten zu Lasten des Anbieters, die ein &#8222;Betroffener&#8220; ohne vorherige Kontaktaufnahme ausl\u00f6st, werden vom Anbieter in vollem Umfang zur\u00fcckgewiesen. Ggf. wird Klage bzw. Gegenklage wegen Verletzung der vorgenannten Bestimmungen eingereicht.<\/p>\n<p><strong>Haftungsausschluss, weitere Rechtshinweise<\/strong><\/p>\n<p>Der Anbieter ist stets bem\u00fcht, qualitativ hochwertige Informationen zur Verf\u00fcgung zu stellen. Dennoch \u00fcbernimmt er keinerlei Gew\u00e4hr f\u00fcr die Aktualit\u00e4t, Korrektheit, Vollst\u00e4ndigkeit, Qualit\u00e4t oder Verf\u00fcgbarkeit der bereitgestellten Informationen.<\/p>\n<p>Haftungsanspr\u00fcche gegen den Anbieter als Betreiber dieser Website, die sich auf Sch\u00e4den materieller oder ideeller Art beziehen, welche durch die Nutzung oder Nichtnutzung der dargebotenen Informationen bzw. durch die Nutzung fehlerhafter und unvollst\u00e4ndiger Informationen verursacht wurden, sind grunds\u00e4tzlich ausgeschlossen, sofern seitens des Anbieters kein nachweislich vors\u00e4tzliches oder grob fahrl\u00e4ssiges Verschulden vorliegt.<\/p>\n<p><strong>Verweise und Links<br \/>\n<\/strong>Sofern auf Verweisziele direkt oder indirekt durch Links verwiesen wird, die au\u00dferhalb des Verantwortungsbereichs des Anbieters liegen, haftet dieser nur dann, wenn er von den Inhalten Kenntnis hatte und es technisch m\u00f6glich und zumutbar w\u00e4re, die Nutzung im Falle rechtswidriger Inhalte zu verhindern.<\/p>\n<p>Der Anbieter erkl\u00e4rt hiermit ausdr\u00fccklich, dass zum Zeitpunkt der Linksetzung keine illegalen Inhalte auf den zu verlinkenden Seiten erkennbar waren. Auf die aktuelle und zuk\u00fcnftige Gestaltung, die Inhalte oder die Urheberschaft der verlinkten\/verkn\u00fcpften Seiten hat der Anbieter keinerlei Einfluss.<\/p>\n<p>F\u00fcr dar\u00fcber hinaus gehende Inhalte und insbesondere f\u00fcr Sch\u00e4den, die aus der Nutzung oder Nichtnutzung solcherart dargebotener Informationen entstehen, haftet allein der Anbieter der betreffenden Seiten, nicht derjenige, der \u00fcber Links auf die jeweilige Ver\u00f6ffentlichung verweist. Diese Einschr\u00e4nkung gilt gleicherma\u00dfen auch f\u00fcr Fremdeintr\u00e4ge in G\u00e4steb\u00fcchern und Foren.<\/p>\n<p>Verweise und Links auf externe Seiten werden nur zu dem Zweck verwendet, um den Besuchern die M\u00f6glichkeit zu geben, sich weitere Informationen zu beschaffen. Ein Link bedeutet jedoch nicht, dass der Anbieter die entsprechenden fremden Seiten empfiehlt oder dass er sich die Inhalte zu eigen macht.<\/p>\n<p><strong>Datenschutz im Web &#8211; Garantie<br \/>\n<\/strong>Ihre eingegebenen Daten, insbesondere Adressdaten, werden niemals verkauft, verliehen oder auf irgendeine andere Weise unbefugten Dritten zug\u00e4nglich gemacht! Alle pers\u00f6nlichen Angaben, die Sie im Kontakt mit dem Anbieter machen, werden streng vertraulich behandelt. Die Daten werden lediglich zur \u00dcbersendung von Service- bzw. Produkt-Informationen des Anbieters im Zusammenhang mit den Beitr\u00e4gen und Angeboten auf dieser Website oder zu Ihrer individuellen Betreuung verwendet. Unerw\u00fcnschte E-Mails (Spam) werden vom Anbieter nicht verschickt.<\/p>\n<p><strong>Online-Angebot<br \/>\n<\/strong>Alle Angebote sind freibleibend und unverbindlich. Der Anbieter beh\u00e4lt sich ausdr\u00fccklich vor, Teile der Seiten oder das gesamte Angebot ohne gesonderte Ank\u00fcndigung zu ver\u00e4ndern, zu erg\u00e4nzen, zu l\u00f6schen oder die Ver\u00f6ffentlichung zeitweise oder endg\u00fcltig einzustellen.<\/p>\n<p><strong>Rechtswirksamkeit des Haftungsausschlusses<br \/>\n<\/strong>Dieser Haftungsausschluss ist Teil des Internetangebots, von dem auf diesen verwiesen wurde. Falls Teile oder Formulierungen des Texts nicht, nicht mehr oder nicht vollst\u00e4ndig der geltenden Rechtslage entsprechen sollten, bleiben die \u00fcbrigen Teile des Dokumentes in ihrem Inhalt und ihrer G\u00fcltigkeit davon unber\u00fchrt.<\/p>\n","protected":false},"excerpt":{"rendered":"<p>Anbieter i.S.d. TDG (Teledienstgesetz) und verantwortlich im Sinne des Medienrechts (MdStV \u00a7 6 \/ Abs. 2) sowie V.i.S.d.P. ist Elvira Gr\u00fcbel (im Folgenden &#8222;Anbieter&#8220; genannt) Anschrift: Kornblumenweg 18, D-78465 Konstanz Telefon: 07531-45066 (Anrufbeantworter) E-Mail: kontakt[at]astrologie-in-konstanz.de Finanzamt: Konstanz, St.-Nr.: 09154\/48003 USt-ID: entf\u00e4llt (nach \u00a719 UStG) \u00a9 2008 Elvira Gr\u00fcbel \/ Astrologie in Konstanz &#8211; All rights reserved. Inhalt und Darstellung der von mir betriebenen Website sind urheberrechtlich gesch\u00fctzt. Alle darin wiedergegebenen Informationen und Angaben beruhen auf \u00f6ffentlich zug\u00e4nglichen Quellen oder auf&#8230;<\/p>\n<p class=\"read-more\"><a class=\"btn btn-default\" href=\"https:\/\/astrologie-in-konstanz.de\/?page_id=53\">Weiterlesen<span class=\"screen-reader-text\"> Weiterlesen<\/span><\/a><\/p>\n","protected":false},"author":1,"featured_media":0,"parent":0,"menu_order":0,"comment_status":"closed","ping_status":"closed","template":"","meta":{"footnotes":""},"class_list":["post-53","page","type-page","status-publish","hentry"],"_links":{"self":[{"href":"https:\/\/astrologie-in-konstanz.de\/index.php?rest_route=\/wp\/v2\/pages\/53","targetHints":{"allow":["GET"]}}],"collection":[{"href":"https:\/\/astrologie-in-konstanz.de\/index.php?rest_route=\/wp\/v2\/pages"}],"about":[{"href":"https:\/\/astrologie-in-konstanz.de\/index.php?rest_route=\/wp\/v2\/types\/page"}],"author":[{"embeddable":true,"href":"https:\/\/astrologie-in-konstanz.de\/index.php?rest_route=\/wp\/v2\/users\/1"}],"replies":[{"embeddable":true,"href":"https:\/\/astrologie-in-konstanz.de\/index.php?rest_route=%2Fwp%2Fv2%2Fcomments&post=53"}],"version-history":[{"count":2,"href":"https:\/\/astrologie-in-konstanz.de\/index.php?rest_route=\/wp\/v2\/pages\/53\/revisions"}],"predecessor-version":[{"id":843,"href":"https:\/\/astrologie-in-konstanz.de\/index.php?rest_route=\/wp\/v2\/pages\/53\/revisions\/843"}],"wp:attachment":[{"href":"https:\/\/astrologie-in-konstanz.de\/index.php?rest_route=%2Fwp%2Fv2%2Fmedia&parent=53"}],"curies":[{"name":"wp","href":"https:\/\/api.w.org\/{rel}","templated":true}]}}