{"id":534,"date":"2019-04-24T17:42:28","date_gmt":"2019-04-24T17:42:28","guid":{"rendered":"http:\/\/astrologie-in-konstanz.de\/?page_id=534"},"modified":"2025-10-15T17:34:10","modified_gmt":"2025-10-15T17:34:10","slug":"denkmal-fuer-eine-kurtisane","status":"publish","type":"page","link":"https:\/\/astrologie-in-konstanz.de\/?page_id=534","title":{"rendered":"30 Jahre Imperia &#8211; Denkmal f\u00fcr eine Kurtisane"},"content":{"rendered":"\n<p>Die Hafen-Figur &#8222;Imperia&#8220;, seit August 2024 offiziell als Kulturdenkmal unter Denkmalschutz stehend, wurde zu einem Konstanzer Wahrzeichen und beliebten Fotoobjekt der Passagiere an Bord der Bodenseeschiffe, die sich der Hafeneinfahrt n\u00e4hern. Einer gleichnamigen italienischen Edelkurtisane des 16. Jahrhunderts nachempfunden, hat Honor\u00e9 de Balzac in seinem Roman &#8222;Tolldreiste Geschichten&#8220; die Figur der Imperia in die Zeit des <a href=\"http:\/\/www.konstanzer-konzil.de\/\">Konstanzer Konzils<\/a> (1414-1418) an den Bodensee verpflanzt und ihr damit ein <em>literarisches Denkmal<\/em> gesetzt. <br><br>Das <em>Denkmal aus Beton <\/em>zu Ehren der Imperia gestaltete der Bildhauer <a href=\"http:\/\/www.peter-lenk.de\/\">Peter Lenk<\/a>. Mit der neun Meter hohen Statue ganz in der N\u00e4he des Konzilgeb\u00e4udes d\u00fcrfte es sich zudem um das weltweit gr\u00f6\u00dfte Denkmal f\u00fcr eine Prostituierte handeln. Auf ihren H\u00e4nden tr\u00e4gt Imperia zwei Gaukler-Figuren, die sich die Insignien der weltlichen und geistlichen Macht &#8211; die Kaiserkrone und die Tiara des Papstes &#8211; aufs Haupt gest\u00fclpt haben. Sie erinnert damit satirisch an das Konzil von Konstanz. Der Kopfschmuck der Imperia deutet eine Narrenkappe mit Schellen an \u2013 neben der Rolle der Kurtisane nimmt sie auch die des Hofnarren ein, der das Spiel der M\u00e4chtigen durchschaut und auf die Schippe nimmt.<\/p>\n\n\n\n<p><\/p>\n\n\n\n<figure class=\"wp-block-gallery has-nested-images columns-default is-cropped wp-block-gallery-1 is-layout-flex wp-block-gallery-is-layout-flex\">\n<figure class=\"wp-block-image\"><img loading=\"lazy\" decoding=\"async\" width=\"800\" height=\"800\" data-id=\"535\" src=\"https:\/\/astrologie-in-konstanz.de\/wp-content\/uploads\/2019\/04\/049a079abb14f1a14-1.jpg\" alt=\"\" class=\"wp-image-535\" srcset=\"https:\/\/astrologie-in-konstanz.de\/wp-content\/uploads\/2019\/04\/049a079abb14f1a14-1.jpg 800w, https:\/\/astrologie-in-konstanz.de\/wp-content\/uploads\/2019\/04\/049a079abb14f1a14-1-150x150.jpg 150w, https:\/\/astrologie-in-konstanz.de\/wp-content\/uploads\/2019\/04\/049a079abb14f1a14-1-300x300.jpg 300w, https:\/\/astrologie-in-konstanz.de\/wp-content\/uploads\/2019\/04\/049a079abb14f1a14-1-768x768.jpg 768w, https:\/\/astrologie-in-konstanz.de\/wp-content\/uploads\/2019\/04\/049a079abb14f1a14-1-270x270.jpg 270w\" sizes=\"auto, (max-width: 800px) 100vw, 800px\" \/><\/figure>\n\n\n\n<figure class=\"wp-block-image\"><img loading=\"lazy\" decoding=\"async\" width=\"320\" height=\"320\" data-id=\"536\" src=\"https:\/\/astrologie-in-konstanz.de\/wp-content\/uploads\/2019\/04\/imperiahintensmall-1.jpg\" alt=\"\" class=\"wp-image-536\" srcset=\"https:\/\/astrologie-in-konstanz.de\/wp-content\/uploads\/2019\/04\/imperiahintensmall-1.jpg 320w, https:\/\/astrologie-in-konstanz.de\/wp-content\/uploads\/2019\/04\/imperiahintensmall-1-150x150.jpg 150w, https:\/\/astrologie-in-konstanz.de\/wp-content\/uploads\/2019\/04\/imperiahintensmall-1-300x300.jpg 300w, https:\/\/astrologie-in-konstanz.de\/wp-content\/uploads\/2019\/04\/imperiahintensmall-1-270x270.jpg 270w\" sizes=\"auto, (max-width: 320px) 100vw, 320px\" \/><\/figure>\n\n\n\n<figure class=\"wp-block-image\"><img loading=\"lazy\" decoding=\"async\" width=\"320\" height=\"320\" data-id=\"537\" src=\"https:\/\/astrologie-in-konstanz.de\/wp-content\/uploads\/2019\/04\/imperiavornsmall-1.jpg\" alt=\"\" class=\"wp-image-537\" srcset=\"https:\/\/astrologie-in-konstanz.de\/wp-content\/uploads\/2019\/04\/imperiavornsmall-1.jpg 320w, https:\/\/astrologie-in-konstanz.de\/wp-content\/uploads\/2019\/04\/imperiavornsmall-1-150x150.jpg 150w, https:\/\/astrologie-in-konstanz.de\/wp-content\/uploads\/2019\/04\/imperiavornsmall-1-300x300.jpg 300w, https:\/\/astrologie-in-konstanz.de\/wp-content\/uploads\/2019\/04\/imperiavornsmall-1-270x270.jpg 270w\" sizes=\"auto, (max-width: 320px) 100vw, 320px\" \/><\/figure>\n<\/figure>\n\n\n\n<p class=\"has-text-align-left\"><em>Der historische Hintergrund der &#8222;Konzilsprostituierten&#8220; ist keine Erfindung: Zur Zeit des Konzils lebten neben der Konstanzer Stadtbev\u00f6lkerung, damals zwischen 5.000 und 7.000 Menschen, zeitweilig bis zu 30.000 Geistliche und F\u00fcrsten samt ihren Bediensteten, Kaufleute, Handwerker, Gastwirte usw. in der Stadt, darunter etwa 1.000 &#8222;achtbare H\u00fcbschlerinnen&#8220;, die sich um das Wohlbefinden der weltlichen und geistlichen Elite Europas k\u00fcmmerten.<\/em><\/p>\n\n\n\n<p> Textquelle: Wikipedia u.a.  \n\n<\/p>\n","protected":false},"excerpt":{"rendered":"<p>Die Hafen-Figur &#8222;Imperia&#8220;, seit August 2024 offiziell als Kulturdenkmal unter Denkmalschutz stehend, wurde zu einem Konstanzer Wahrzeichen und beliebten Fotoobjekt der Passagiere an Bord der Bodenseeschiffe, die sich der Hafeneinfahrt n\u00e4hern. Einer gleichnamigen italienischen Edelkurtisane des 16. Jahrhunderts nachempfunden, hat Honor\u00e9 de Balzac in seinem Roman &#8222;Tolldreiste Geschichten&#8220; die Figur der Imperia in die Zeit des Konstanzer Konzils (1414-1418) an den Bodensee verpflanzt und ihr damit ein literarisches Denkmal gesetzt. Das Denkmal aus Beton zu Ehren der Imperia gestaltete der&#8230;<\/p>\n<p class=\"read-more\"><a class=\"btn btn-default\" href=\"https:\/\/astrologie-in-konstanz.de\/?page_id=534\">Weiterlesen<span class=\"screen-reader-text\"> Weiterlesen<\/span><\/a><\/p>\n","protected":false},"author":1,"featured_media":0,"parent":0,"menu_order":0,"comment_status":"closed","ping_status":"closed","template":"","meta":{"footnotes":""},"class_list":["post-534","page","type-page","status-publish","hentry"],"_links":{"self":[{"href":"https:\/\/astrologie-in-konstanz.de\/index.php?rest_route=\/wp\/v2\/pages\/534","targetHints":{"allow":["GET"]}}],"collection":[{"href":"https:\/\/astrologie-in-konstanz.de\/index.php?rest_route=\/wp\/v2\/pages"}],"about":[{"href":"https:\/\/astrologie-in-konstanz.de\/index.php?rest_route=\/wp\/v2\/types\/page"}],"author":[{"embeddable":true,"href":"https:\/\/astrologie-in-konstanz.de\/index.php?rest_route=\/wp\/v2\/users\/1"}],"replies":[{"embeddable":true,"href":"https:\/\/astrologie-in-konstanz.de\/index.php?rest_route=%2Fwp%2Fv2%2Fcomments&post=534"}],"version-history":[{"count":9,"href":"https:\/\/astrologie-in-konstanz.de\/index.php?rest_route=\/wp\/v2\/pages\/534\/revisions"}],"predecessor-version":[{"id":1121,"href":"https:\/\/astrologie-in-konstanz.de\/index.php?rest_route=\/wp\/v2\/pages\/534\/revisions\/1121"}],"wp:attachment":[{"href":"https:\/\/astrologie-in-konstanz.de\/index.php?rest_route=%2Fwp%2Fv2%2Fmedia&parent=534"}],"curies":[{"name":"wp","href":"https:\/\/api.w.org\/{rel}","templated":true}]}}