{"id":716,"date":"2020-11-09T22:33:35","date_gmt":"2020-11-09T22:33:35","guid":{"rendered":"http:\/\/astrologie-in-konstanz.de\/?page_id=716"},"modified":"2024-09-10T17:44:52","modified_gmt":"2024-09-10T17:44:52","slug":"aktuell-astrobuecher-flohmarkt","status":"publish","type":"page","link":"https:\/\/astrologie-in-konstanz.de\/?page_id=716","title":{"rendered":"Astrob\u00fccher &#8211; Flohmarkt"},"content":{"rendered":"\n<p>Auf der Suche nach Schn\u00e4ppchen? Ich biete Astrologie-B\u00fccher an aus privaten Aufl\u00f6sungen und aus meinem eigenen Bestand. Vielleicht ist ja was Passendes dabei?<\/p>\n\n\n\n<figure class=\"wp-block-table\"><table><tbody><tr><td>Arroyo, Stephen<\/td><td>Handbuch der Horoskop-Deutung<\/td><\/tr><tr><td>Arroyo, Stephen<\/td><td>Astrologie und Partnerschaft &#8211; Karmische Verbindungen und ihre Bedeutung<\/td><\/tr><tr><td>Arroyo, Stephen<\/td><td>Astrologie, Karma und Transformation &#8211; Die Chancen schwieriger Aspekte<\/td><\/tr><tr><td>Arroyo, Stephen<\/td><td>Astrologie, Psychologie und die vier Elemente<\/td><\/tr><tr><td>Arroyo, Stephen<\/td><td>Das Jupiter-Handbuch<\/td><\/tr><tr><td>Banzhof, Hajo\/ Haebler, Anna<\/td><td>Schl\u00fcsselworte zur Astrologie<\/td><\/tr><tr><td>Becker, Udo<\/td><td>Lexikon der Astrologie<\/td><\/tr><tr><td>Bischof, Stefan<\/td><td>Astrologie mit allen Sinnen &#8211; K\u00f6rperarbeit und erfahrbare Astrologie<\/td><\/tr><tr><td>Greene, Liz<\/td><td>Saturn<\/td><\/tr><tr><td>Greene, Liz und Sasportas, Howard<\/td><td>Entfaltung der Pers\u00f6nlichkeit durch psychologische Astrologie<\/td><\/tr><tr><td>Hamann, Brigitte<\/td><td>Die zw\u00f6lf Archetypen &#8211; Tierkreis und Pers\u00f6nlichkeitsstruktur<\/td><\/tr><tr><td>Hover, Detlev &amp; Voltmer, Ulrike (Hrsg.)<\/td><td>Astrologie und Prognose<\/td><\/tr><tr><td>Jackson, Eve<\/td><td>Jupiter &#8211; Der alte Wohlt\u00e4ter in einem neuen Licht<\/td><\/tr><tr><td>Jehle, Markus<\/td><td>Wenn der Mond im siebten Hause steht<\/td><\/tr><tr><td>Johfra<\/td><td>Astrologie &#8211; Tierkreiszeichen Kartenset (au\u00dfer Stier)<\/td><\/tr><tr><td>Meyer, Herrmann<\/td><td>Astrologie und Psychologie &#8211; Eine neue Synthese<\/td><\/tr><tr><td>Niehaus, Petra<\/td><td>Das Handbuch der astrologischen Biografiearbeit<\/td><\/tr><tr><td>Orban, Peter<\/td><td>Saturn und die Macht des Schicksals<\/td><\/tr><tr><td>Orban, Peter<\/td><td>Astrologie als Therapie &#8211; Auf der Suche nach der L\u00fcge<\/td><\/tr><tr><td>Reinhart, Melanie<\/td><td>Chiron &#8211; Heiler und Botschafter des Kosmos<\/td><\/tr><tr><td>Riemann, Fritz<\/td><td>Lebenshilfe Astrologie<\/td><\/tr><tr><td>Riemann, Fritz \/ von Xylander, Ernst<\/td><td>Das fr\u00f6hliche Horoskop<\/td><\/tr><tr><td>Ring, Thomas<\/td><td>Astrologische Menschenkunde Bd. I &#8211;<br>Kr\u00e4fte und Kr\u00e4ftebeziehungen<\/td><\/tr><tr><td>Ring, Thomas<\/td><td>Astrologische Menschenkunde Bd. II &#8211;<br>Ausdruck und Richtung der Kr\u00e4fte<\/td><\/tr><tr><td>Ring, Thomas<\/td><td>Astrologische Menschenkunde Bd. III &#8211;<br>Kombinationslehre<\/td><\/tr><tr><td>Ring, Thomas<\/td><td>Astrologische Menschenkunde Bd. IV &#8211;<br>Das lebende Modell<\/td><\/tr><tr><td>Ring, Thomas<\/td><td>Astrologie ohne Aberglauben<\/td><\/tr><tr><td>Roscher, Michael<\/td><td>Das Astrologie Buch &#8211; Berechnung, Deutung, Prognose<\/td><\/tr><tr><td>Rudhyar, Dane<\/td><td>Von humanistischer zu transpersonaler Astrologie<\/td><\/tr><tr><td>Rudhyar, Dane und Leyla<\/td><td>Astrologische Aspekte<\/td><\/tr><tr><td>Sakoian, Frances und Acker, Louis S.<\/td><td>Das gro\u00dfe Lehrbuch der Astrologie &#8211; Wie man Horoskope stellt und nach neuesten wissensch. Erkenntnissen Charakter und Schicksal deutet<\/td><\/tr><tr><td>Sch\u00e4fer, Thomas<\/td><td>Astrologische Charakterskizzen (Baude-laire, de Beauvoir, C\u00e9zanne, Einstein, Garbo, Marie Antoinette, Henry Miller, Montessori, Schweitzer, R. Wagner)<\/td><\/tr><tr><td>Stein, Zane B.<\/td><td>Chiron<\/td><\/tr><tr><td>Stone, Pauline<\/td><td>Partnerschaft, Astrologie und Karma<\/td><\/tr><tr><td>Surya, G.W. \/ Sindbad<\/td><td>Astrologie und Medizin<\/td><\/tr><tr><td>Tarnas, Richard<\/td><td>Cosmos and Psyche &#8211; Intimations of a New World View<\/td><\/tr><tr><td>von Kl\u00f6ckler, Herbert<\/td><td>Kursus der Astrologie, Bd. I &#8211; III<\/td><\/tr><tr><td>von Kl\u00f6ckler, Herbert<\/td><td>Astrologie als Erfahrungswissenschaft<\/td><\/tr><tr><td>Walters, Derek<\/td><td>Chinesische Astrologie &#8211; Geschichte und Praxis<\/td><\/tr><tr><td>Wiering, J\u00fcrgen<\/td><td>Astrologie und Beruf &#8211; Berufs- und Unternehmensberatung mit Hilfe der Astrologie<\/td><\/tr><\/tbody><\/table><\/figure>\n\n\n\n<p>Auf Anfrage (siehe <a href=\"https:\/\/astrologie-in-konstanz.de\/?page_id=10\">Kontakt<\/a>) stelle ich gern eine ausf\u00fchrliche Liste der noch vorhandenen B\u00fccher im pdf-Format per e-mail zur Verf\u00fcgung.<\/p>\n","protected":false},"excerpt":{"rendered":"<p>Auf der Suche nach Schn\u00e4ppchen? Ich biete Astrologie-B\u00fccher an aus privaten Aufl\u00f6sungen und aus meinem eigenen Bestand. Vielleicht ist ja was Passendes dabei? Arroyo, Stephen Handbuch der Horoskop-Deutung Arroyo, Stephen Astrologie und Partnerschaft &#8211; Karmische Verbindungen und ihre Bedeutung Arroyo, Stephen Astrologie, Karma und Transformation &#8211; Die Chancen schwieriger Aspekte Arroyo, Stephen Astrologie, Psychologie und die vier Elemente Arroyo, Stephen Das Jupiter-Handbuch Banzhof, Hajo\/ Haebler, Anna Schl\u00fcsselworte zur Astrologie Becker, Udo Lexikon der Astrologie Bischof, Stefan Astrologie mit allen Sinnen&#8230;<\/p>\n<p class=\"read-more\"><a class=\"btn btn-default\" href=\"https:\/\/astrologie-in-konstanz.de\/?page_id=716\">Weiterlesen<span class=\"screen-reader-text\"> Weiterlesen<\/span><\/a><\/p>\n","protected":false},"author":1,"featured_media":0,"parent":0,"menu_order":0,"comment_status":"closed","ping_status":"closed","template":"","meta":{"footnotes":""},"class_list":["post-716","page","type-page","status-publish","hentry"],"_links":{"self":[{"href":"https:\/\/astrologie-in-konstanz.de\/index.php?rest_route=\/wp\/v2\/pages\/716","targetHints":{"allow":["GET"]}}],"collection":[{"href":"https:\/\/astrologie-in-konstanz.de\/index.php?rest_route=\/wp\/v2\/pages"}],"about":[{"href":"https:\/\/astrologie-in-konstanz.de\/index.php?rest_route=\/wp\/v2\/types\/page"}],"author":[{"embeddable":true,"href":"https:\/\/astrologie-in-konstanz.de\/index.php?rest_route=\/wp\/v2\/users\/1"}],"replies":[{"embeddable":true,"href":"https:\/\/astrologie-in-konstanz.de\/index.php?rest_route=%2Fwp%2Fv2%2Fcomments&post=716"}],"version-history":[{"count":66,"href":"https:\/\/astrologie-in-konstanz.de\/index.php?rest_route=\/wp\/v2\/pages\/716\/revisions"}],"predecessor-version":[{"id":928,"href":"https:\/\/astrologie-in-konstanz.de\/index.php?rest_route=\/wp\/v2\/pages\/716\/revisions\/928"}],"wp:attachment":[{"href":"https:\/\/astrologie-in-konstanz.de\/index.php?rest_route=%2Fwp%2Fv2%2Fmedia&parent=716"}],"curies":[{"name":"wp","href":"https:\/\/api.w.org\/{rel}","templated":true}]}}