{"id":8,"date":"2018-07-14T14:54:29","date_gmt":"2018-07-14T14:54:29","guid":{"rendered":"http:\/\/astrologie-in-konstanz.de\/?page_id=8"},"modified":"2025-04-11T20:43:22","modified_gmt":"2025-04-11T20:43:22","slug":"startseite","status":"publish","type":"page","link":"https:\/\/astrologie-in-konstanz.de\/","title":{"rendered":""},"content":{"rendered":"\n<div class=\"wp-block-columns is-layout-flex wp-container-core-columns-is-layout-9d6595d7 wp-block-columns-is-layout-flex\">\n<div class=\"wp-block-column is-layout-flow wp-block-column-is-layout-flow\" style=\"flex-basis:100%\">\n<p class=\"has-text-align-left\"><\/p>\n<\/div>\n<\/div>\n\n\n\n<p><strong>Guten Tag, liebe Besucherin, lieber Besucher,<\/strong><\/p>\n\n\n\n<p>ich bin Elvira Gr\u00fcbel und hei\u00dfe Sie auf meiner Astrologie-Website herzlich willkommen.<br>&#8222;Astrologie-in-Konstanz.de&#8220; steht f\u00fcr Beratung und Begleitung in &#8222;Stufen&#8220;-Situationen des Lebens: \u00dcberg\u00e4nge, Ver\u00e4nderung, Neuorientierung &#8211; Herausforderungen, die gemeistert sein wollen. Ich stehe Ihnen dabei mit meiner astrologischen Kompetenz und Erfahrung gern zur Seite.<\/p>\n\n\n\n<p>Erg\u00e4nzend zu meinem Beratungsangebot werde ich hier immer wieder interessante und unterhaltsame Informationen aus dem Gebiet der Astrologie f\u00fcr Sie bereit stellen. Ich w\u00fcnsche Ihnen Kurzweil beim Herumst\u00f6bern und freue mich nat\u00fcrlich, wenn ich Sie inspirieren konnte, mit mir <a href=\"https:\/\/astrologie-in-konstanz.de\/?page_id=10\">Kontakt<\/a> aufzunehmen.<\/p>\n\n\n\n<p>Ihre<br><em>Elvira Gr\u00fcbel<\/em><\/p>\n","protected":false},"excerpt":{"rendered":"<p>Guten Tag, liebe Besucherin, lieber Besucher, ich bin Elvira Gr\u00fcbel und hei\u00dfe Sie auf meiner Astrologie-Website herzlich willkommen.&#8222;Astrologie-in-Konstanz.de&#8220; steht f\u00fcr Beratung und Begleitung in &#8222;Stufen&#8220;-Situationen des Lebens: \u00dcberg\u00e4nge, Ver\u00e4nderung, Neuorientierung &#8211; Herausforderungen, die gemeistert sein wollen. Ich stehe Ihnen dabei mit meiner astrologischen Kompetenz und Erfahrung gern zur Seite. Erg\u00e4nzend zu meinem Beratungsangebot werde ich hier immer wieder interessante und unterhaltsame Informationen aus dem Gebiet der Astrologie f\u00fcr Sie bereit stellen. Ich w\u00fcnsche Ihnen Kurzweil beim Herumst\u00f6bern und freue mich&#8230;<\/p>\n<p class=\"read-more\"><a class=\"btn btn-default\" href=\"https:\/\/astrologie-in-konstanz.de\/\">Weiterlesen<span class=\"screen-reader-text\"> Weiterlesen<\/span><\/a><\/p>\n","protected":false},"author":1,"featured_media":0,"parent":0,"menu_order":0,"comment_status":"closed","ping_status":"closed","template":"","meta":{"footnotes":""},"class_list":["post-8","page","type-page","status-publish","hentry"],"_links":{"self":[{"href":"https:\/\/astrologie-in-konstanz.de\/index.php?rest_route=\/wp\/v2\/pages\/8","targetHints":{"allow":["GET"]}}],"collection":[{"href":"https:\/\/astrologie-in-konstanz.de\/index.php?rest_route=\/wp\/v2\/pages"}],"about":[{"href":"https:\/\/astrologie-in-konstanz.de\/index.php?rest_route=\/wp\/v2\/types\/page"}],"author":[{"embeddable":true,"href":"https:\/\/astrologie-in-konstanz.de\/index.php?rest_route=\/wp\/v2\/users\/1"}],"replies":[{"embeddable":true,"href":"https:\/\/astrologie-in-konstanz.de\/index.php?rest_route=%2Fwp%2Fv2%2Fcomments&post=8"}],"version-history":[{"count":37,"href":"https:\/\/astrologie-in-konstanz.de\/index.php?rest_route=\/wp\/v2\/pages\/8\/revisions"}],"predecessor-version":[{"id":1111,"href":"https:\/\/astrologie-in-konstanz.de\/index.php?rest_route=\/wp\/v2\/pages\/8\/revisions\/1111"}],"wp:attachment":[{"href":"https:\/\/astrologie-in-konstanz.de\/index.php?rest_route=%2Fwp%2Fv2%2Fmedia&parent=8"}],"curies":[{"name":"wp","href":"https:\/\/api.w.org\/{rel}","templated":true}]}}