{"id":83,"date":"2018-07-15T13:22:20","date_gmt":"2018-07-15T13:22:20","guid":{"rendered":"http:\/\/astrologie-in-konstanz.de\/?page_id=83"},"modified":"2018-07-15T13:22:25","modified_gmt":"2018-07-15T13:22:25","slug":"beratungsangebot","status":"publish","type":"page","link":"https:\/\/astrologie-in-konstanz.de\/?page_id=83","title":{"rendered":"Beratungsangebot"},"content":{"rendered":"<p>F\u00dcR WEN KANN MEINE BERATUNG SINNVOLL SEIN?<\/p>\n<ul>\n<li>F\u00fcr alle Menschen, die sich selbst besser kennen lernen wollen und bereit sind zu Selbstreflexion.<\/li>\n<li>F\u00fcr jegliche Art von Partnerschaften, sowohl privat als auch beruflich.<\/li>\n<li>F\u00fcr Menschen in privaten wie beruflichen Umbruchsituationen. Ist die Zeit reif f\u00fcr Ver\u00e4nderungen?<\/li>\n<li>F\u00fcr Eltern und Erzieher, um die Eigenart eines Kindes besser verstehen zu k\u00f6nnen.<\/li>\n<li>Wenn sich Muster und Strukturen in Familiensystemen wiederholen.<\/li>\n<li>F\u00fcr Menschen, die das Gef\u00fchl haben, kurz vor einem Burn-out zu stehen.<br \/>\n<em>Wenn letztere Themen in einer astrologischen Beratung zum Vorschein kommen, empfehle ich, diese bei Bedarf mit einem Therapeuten\/einer Therapeutin weiter zu bearbeiten.<\/em><\/li>\n<\/ul>\n<p>F\u00fchlen Sie sich von einem dieser Themen angesprochen, so kann ich Ihnen anhand einer der nachfolgenden Techniken eine kompetente und seri\u00f6se astrologische Beratung anbieten, die auf den Grundlagen der psychologisch\/humanistischen Astrologie aufbaut, wobei auch wertvolle Deutungsregeln der klassischen Astrologie mit einflie\u00dfen.<\/p>\n<blockquote><p><em>Zu sein, wer wir sind,<br \/>\nund zu werden, wozu wir f\u00e4hig sind,<br \/>\ndas ist das gr\u00f6\u00dfte Ziel unseres Lebens.<br \/>\n<\/em>Robert Louis Stevenson<\/p><\/blockquote>\n<p>Und genau auf diesem Weg m\u00f6chte ich Ratsuchende unterst\u00fctzen, indem ich ihnen Entwicklungs- und Handlungsm\u00f6glichkeiten er\u00f6ffne und ihre F\u00e4higkeiten st\u00e4rke, eigenverantwortlich existentielle Entscheidungen f\u00fcr sich zu treffen.<\/p>\n","protected":false},"excerpt":{"rendered":"<p>F\u00dcR WEN KANN MEINE BERATUNG SINNVOLL SEIN? F\u00fcr alle Menschen, die sich selbst besser kennen lernen wollen und bereit sind zu Selbstreflexion. F\u00fcr jegliche Art von Partnerschaften, sowohl privat als auch beruflich. F\u00fcr Menschen in privaten wie beruflichen Umbruchsituationen. Ist die Zeit reif f\u00fcr Ver\u00e4nderungen? F\u00fcr Eltern und Erzieher, um die Eigenart eines Kindes besser verstehen zu k\u00f6nnen. Wenn sich Muster und Strukturen in Familiensystemen wiederholen. F\u00fcr Menschen, die das Gef\u00fchl haben, kurz vor einem Burn-out zu stehen. Wenn letztere&#8230;<\/p>\n<p class=\"read-more\"><a class=\"btn btn-default\" href=\"https:\/\/astrologie-in-konstanz.de\/?page_id=83\">Weiterlesen<span class=\"screen-reader-text\"> Weiterlesen<\/span><\/a><\/p>\n","protected":false},"author":1,"featured_media":0,"parent":0,"menu_order":0,"comment_status":"closed","ping_status":"closed","template":"","meta":{"footnotes":""},"class_list":["post-83","page","type-page","status-publish","hentry"],"_links":{"self":[{"href":"https:\/\/astrologie-in-konstanz.de\/index.php?rest_route=\/wp\/v2\/pages\/83","targetHints":{"allow":["GET"]}}],"collection":[{"href":"https:\/\/astrologie-in-konstanz.de\/index.php?rest_route=\/wp\/v2\/pages"}],"about":[{"href":"https:\/\/astrologie-in-konstanz.de\/index.php?rest_route=\/wp\/v2\/types\/page"}],"author":[{"embeddable":true,"href":"https:\/\/astrologie-in-konstanz.de\/index.php?rest_route=\/wp\/v2\/users\/1"}],"replies":[{"embeddable":true,"href":"https:\/\/astrologie-in-konstanz.de\/index.php?rest_route=%2Fwp%2Fv2%2Fcomments&post=83"}],"version-history":[{"count":2,"href":"https:\/\/astrologie-in-konstanz.de\/index.php?rest_route=\/wp\/v2\/pages\/83\/revisions"}],"predecessor-version":[{"id":701,"href":"https:\/\/astrologie-in-konstanz.de\/index.php?rest_route=\/wp\/v2\/pages\/83\/revisions\/701"}],"wp:attachment":[{"href":"https:\/\/astrologie-in-konstanz.de\/index.php?rest_route=%2Fwp%2Fv2%2Fmedia&parent=83"}],"curies":[{"name":"wp","href":"https:\/\/api.w.org\/{rel}","templated":true}]}}